{"id":53491,"date":"2020-01-31T11:01:31","date_gmt":"2020-01-31T17:01:31","guid":{"rendered":"https:\/\/thegrassoutlet.com\/?page_id=53491"},"modified":"2024-07-28T06:34:44","modified_gmt":"2024-07-28T11:34:44","slug":"guia-de-cuidados","status":"publish","type":"page","link":"https:\/\/thegrassoutlet.com\/es\/guia-de-cuidados\/","title":{"rendered":"\u00a1\u00a1\u00a1DIRECTRICES EXTREMADAMENTE IMPORTANTES!!!"},"content":{"rendered":"<h3><b><i><u>\u00a1Enhorabuena por dar ese paso hacia un c\u00e9sped tan bonito!<\/u><\/i><\/b><\/h3>\n<p>Descargue nuestro <a href=\"https:\/\/thegrassoutlet.com\/wp-content\/uploads\/The-Grass-Outlets-Sod-Care-Guide-.pdf\" download=\"\">Gu\u00eda para el cuidado del c\u00e9sped<\/a> en el siguiente enlace encontrar\u00e1 valiosos recursos y consejos \u00fatiles que le ayudar\u00e1n a guiar el proceso de establecimiento y mantenimiento de su nuevo c\u00e9sped. Adem\u00e1s, revise la siguiente informaci\u00f3n importante relativa a su pedido con The Grass Outlet.<\/p>\n<h3><b><i><u>Pol\u00edtica de cancelaci\u00f3n en 48 horas<\/u><\/i><\/b><\/h3>\n<p>Una vez procesado su pedido, The Grass Outlet le reserva su posici\u00f3n en el calendario para esa fecha de entrega, tanto con los camiones de reparto como con nuestras granjas. The Grass Outlet requiere un m\u00ednimo de 48 horas para reprogramar o cancelar un pedido, lo que significa un preaviso de dos d\u00edas o m\u00e1s desde la ma\u00f1ana en que est\u00e1 programada su entrega.<\/p>\n<h3><b><i><u>Entregar antes si es posible<\/u><\/i><\/b><\/h3>\n<p>Si ha marcado la casilla \"Entregar antes si es posible\", su pedido tendr\u00e1 prioridad sobre cualquier disponibilidad que se abra. Es posible que la entrega se realice al d\u00eda siguiente. Recibir\u00e1s una notificaci\u00f3n la tarde anterior a la entrega.<\/p>\n<h3><b><i><u>Gastos de env\u00edo<\/u><\/i><\/b><\/h3>\n<p>Todos los pedidos tienen un coste de entrega est\u00e1ndar en funci\u00f3n del c\u00f3digo postal de entrega. Este cargo se basa en el acceso est\u00e1ndar a un camino de entrada est\u00e1ndar en un vecindario con acceso para camiones de 18 ruedas. Es posible que se apliquen cargos adicionales por el tiempo extra empleado en acomodar entregas no est\u00e1ndar. Cualquier solicitud de entrega en una zona que no sea un camino de entrada o en la acera de la calle en frente de su casa, es a discreci\u00f3n del cliente y el conductor de entrega. The Grass Outlet no se hace responsable de los da\u00f1os a la propiedad resultantes de dicha entrega.<\/p>\n<h3><b><i><u>Riegue inmediatamente<\/u><\/i><\/b><\/h3>\n<p>El riego es el aspecto m\u00e1s cr\u00edtico del establecimiento del c\u00e9sped nuevo una vez finalizada la instalaci\u00f3n en el mismo d\u00eda. El suelo bajo el c\u00e9sped nuevo debe permanecer saturado durante un m\u00ednimo de 2 semanas despu\u00e9s de la instalaci\u00f3n. <span style=\"color: orangered;\">El c\u00e9sped nuevo necesita 1\u2033 de agua al d\u00eda durante un m\u00ednimo de 1 semana; Especialmente en los calurosos meses de verano. Con una presi\u00f3n de agua media, puede completar esta parte crucial del establecimiento regando cada zona durante 2 horas, TODOS LOS D\u00cdAS durante al menos 1 semana completa.<\/span> El c\u00e9sped a pleno sol, las zonas alrededor de hormig\u00f3n\/piedra y las zonas inclinadas necesitan m\u00e1s agua que otras zonas para mantener la misma calidad. Asegurarse de que la capa superior del suelo no se seque durante este tiempo ayudar\u00e1 a garantizar un fuerte desarrollo de las ra\u00edces y a minimizar las zonas de estr\u00e9s en el nuevo c\u00e9sped. Un riego inadecuado puede provocar que el c\u00e9sped nuevo se estrese gravemente y muera en cuesti\u00f3n de d\u00edas. Inconsistente <a href=\"https:\/\/thegrassoutlet.com\/es\/regar-el-cesped\/\">riego del c\u00e9sped<\/a> y una cobertura no uniforme puede dar lugar a manchas de estr\u00e9s en todo el c\u00e9sped.<\/p>\n<h4><b><u>Descargue nuestro <a href=\"https:\/\/thegrassoutlet.com\/wp-content\/uploads\/The-Grass-Outlets-Sod-Care-Guide-.pdf\" download=\"\">Gu\u00eda para el cuidado del c\u00e9sped<\/a> para obtener m\u00e1s informaci\u00f3n sobre el riego adecuado.<\/u><\/b><\/h4>\n<h3><b><i><u>Nuevas preocupaciones sobre la hierba<\/u><\/i><\/b><\/h3>\n<p>The Grass Outlet strives to maintain a high standard in the grass we deliver. However, every piece on every pallet may not be perfect. Occasionally, there may be dirt missing, visible roots and some pieces may be harder to handle. The top blocks on the pallet may dry out during transport. If possible, plant these in a less visible area and give them more attention when watering. Moisture levels in the fields can vary during harvest depending on the weather and other variables and grass may be delivered drier than expected. These are all issues that will stabilize once installed and watered per normal watering requirements. Should there be any issues upon delivery that are deemed excessive, it\u2019s imperative that The Grass Outlet be contacted immediately. The Grass Outlet Team will request same-day pictures of any concerns, follow our concerns protocol with basic information gathering, and work diligently towards recommendations and solutions.<\/p>\n<h3><b><i><u>LA HIERBA NO TIENE GARANT\u00cdA<\/u><\/i><\/b><\/h3>\n<p>El c\u00e9sped es un producto vivo y depende inmediatamente de un mantenimiento adecuado y de su nuevo entorno. Cualquier deterioro perceptible en su c\u00e9sped debe ser atendido con prontitud. El equipo de Grass Outlet har\u00e1 todo lo posible para ayudar a identificar la(s) causa(s) de las \u00e1reas problem\u00e1ticas y ayudar con recomendaciones. El documento adjunto Gu\u00eda para el cuidado del c\u00e9sped y la p\u00e1gina Problemas comunes del c\u00e9sped de nuestro sitio web son buenas referencias para la resoluci\u00f3n de problemas, as\u00ed como los profesionales de mantenimiento del c\u00e9sped de su zona. No espere a que su c\u00e9sped est\u00e9 muerto para ponerse en contacto con The Grass Outlet en relaci\u00f3n con cr\u00e9ditos o reembolsos.<\/p>\n<h4><b><u>No olvide descargar y leer atentamente nuestro <a href=\"https:\/\/thegrassoutlet.com\/wp-content\/uploads\/The-Grass-Outlets-Sod-Care-Guide-.pdf\" download=\"\">Gu\u00eda para el cuidado del c\u00e9sped<\/a> y util\u00edcelo como referencia para futuros mantenimientos. Que tenga un buen d\u00eda y le agradecemos su confianza.<\/u><\/b><\/h4>\n<p>** Tenga en cuenta que la mayor parte de nuestro c\u00e9sped est\u00e1 entrando en latencia invernal y comenzar\u00e1 a mostrar muchas m\u00e1s hojas amarillas que verdes a medida que experimentemos temperaturas bajo cero. Es esencial seguir las directrices de riego para que el sistema radicular se establezca. Adem\u00e1s, mantener la tierra h\u00fameda bajo el c\u00e9sped calentar\u00e1 la temperatura del suelo y aislar\u00e1 el sistema radicular. El reverdecimiento primaveral ser\u00e1 evidente cuando la temperatura del suelo se mantenga por encima de los 64 grados de forma constante.<\/p>\n<h3><a href=\"https:\/\/thegrassoutlet.com\/wp-content\/uploads\/The-Grass-Outlets-Sod-Care-Guide-.pdf\" download=\"\">Haga clic aqu\u00ed para descargar nuestra Gu\u00eda para el cuidado del c\u00e9sped.<\/a><\/h3>","protected":false},"excerpt":{"rendered":"<p>Congratulations on taking that step towards a beautiful lawn! Please download our Sod Care Guide from the link below to find valuable resources and useful tips to help guide the process of establishing and maintaining your new grass. Also, please&hellip;<\/p>","protected":false},"author":659,"featured_media":0,"parent":0,"menu_order":0,"comment_status":"closed","ping_status":"closed","template":"","meta":{"_acf_changed":false,"inline_featured_image":false,"footnotes":""},"class_list":["post-53491","page","type-page","status-publish","hentry"],"acf":[],"yoast_head":"<!-- This site is optimized with the Yoast SEO plugin v26.0 - https:\/\/yoast.com\/wordpress\/plugins\/seo\/ -->\n<title>EXTREMELY IMPORTANT GUIDELINES!!! - The Grass Outlet<\/title>\n<meta name=\"description\" content=\"Maximize your lawn&#039;s potential with our Care Guide. Expert tips for lush grass from installation to maintenance. Start creating your dream lawn today.\" \/>\n<meta name=\"robots\" content=\"index, nofollow, max-snippet:-1, max-image-preview:large, max-video-preview:-1\" \/>\n<link rel=\"canonical\" href=\"https:\/\/thegrassoutlet.com\/es\/guia-de-cuidados\/\" \/>\n<meta property=\"og:locale\" content=\"es_MX\" \/>\n<meta property=\"og:type\" content=\"article\" \/>\n<meta property=\"og:title\" content=\"EXTREMELY IMPORTANT GUIDELINES!!! - The Grass Outlet\" \/>\n<meta property=\"og:description\" content=\"Maximize your lawn&#039;s potential with our Care Guide. Expert tips for lush grass from installation to maintenance. Start creating your dream lawn today.\" \/>\n<meta property=\"og:url\" content=\"https:\/\/thegrassoutlet.com\/es\/guia-de-cuidados\/\" \/>\n<meta property=\"og:site_name\" content=\"The Grass Outlet\" \/>\n<meta property=\"article:publisher\" content=\"https:\/\/www.facebook.com\/pages\/The-Grass-Outlet\/269332396527430\" \/>\n<meta property=\"article:modified_time\" content=\"2024-07-28T11:34:44+00:00\" \/>\n<meta name=\"twitter:label1\" content=\"Est. reading time\" \/>\n\t<meta name=\"twitter:data1\" content=\"4 minutes\" \/>\n<script type=\"application\/ld+json\" class=\"yoast-schema-graph\">{\"@context\":\"https:\/\/schema.org\",\"@graph\":[{\"@type\":\"WebPage\",\"@id\":\"https:\/\/thegrassoutlet.com\/care-guide\/\",\"url\":\"https:\/\/thegrassoutlet.com\/care-guide\/\",\"name\":\"EXTREMELY IMPORTANT GUIDELINES!!! - The Grass Outlet\",\"isPartOf\":{\"@id\":\"https:\/\/thegrassoutlet.com\/#website\"},\"datePublished\":\"2020-01-31T17:01:31+00:00\",\"dateModified\":\"2024-07-28T11:34:44+00:00\",\"description\":\"Maximize your lawn's potential with our Care Guide. Expert tips for lush grass from installation to maintenance. Start creating your dream lawn today.\",\"breadcrumb\":{\"@id\":\"https:\/\/thegrassoutlet.com\/care-guide\/#breadcrumb\"},\"inLanguage\":\"es-MX\",\"potentialAction\":[{\"@type\":\"ReadAction\",\"target\":[\"https:\/\/thegrassoutlet.com\/care-guide\/\"]}]},{\"@type\":\"BreadcrumbList\",\"@id\":\"https:\/\/thegrassoutlet.com\/care-guide\/#breadcrumb\",\"itemListElement\":[{\"@type\":\"ListItem\",\"position\":1,\"name\":\"Home\",\"item\":\"https:\/\/thegrassoutlet.com\/\"},{\"@type\":\"ListItem\",\"position\":2,\"name\":\"EXTREMELY IMPORTANT GUIDELINES!!!\"}]},{\"@type\":\"WebSite\",\"@id\":\"https:\/\/thegrassoutlet.com\/#website\",\"url\":\"https:\/\/thegrassoutlet.com\/\",\"name\":\"The Grass Outlet\",\"description\":\"&quot;Helping Texas Go Green, One Yard at a Time&quot;\",\"publisher\":{\"@id\":\"https:\/\/thegrassoutlet.com\/#organization\"},\"potentialAction\":[{\"@type\":\"SearchAction\",\"target\":{\"@type\":\"EntryPoint\",\"urlTemplate\":\"https:\/\/thegrassoutlet.com\/?s={search_term_string}\"},\"query-input\":{\"@type\":\"PropertyValueSpecification\",\"valueRequired\":true,\"valueName\":\"search_term_string\"}}],\"inLanguage\":\"es-MX\"},{\"@type\":\"Organization\",\"@id\":\"https:\/\/thegrassoutlet.com\/#organization\",\"name\":\"The Grass Outlet\",\"url\":\"https:\/\/thegrassoutlet.com\/\",\"logo\":{\"@type\":\"ImageObject\",\"inLanguage\":\"es-MX\",\"@id\":\"https:\/\/thegrassoutlet.com\/#\/schema\/logo\/image\/\",\"url\":\"https:\/\/thegrassoutlet.com\/wp-content\/uploads\/TxNative-1-scaled.jpg\",\"contentUrl\":\"https:\/\/thegrassoutlet.com\/wp-content\/uploads\/TxNative-1-scaled.jpg\",\"width\":1024,\"height\":720,\"caption\":\"The Grass Outlet\"},\"image\":{\"@id\":\"https:\/\/thegrassoutlet.com\/#\/schema\/logo\/image\/\"},\"sameAs\":[\"https:\/\/www.facebook.com\/pages\/The-Grass-Outlet\/269332396527430\",\"https:\/\/x.com\/TheGrassOutlet\"]}]}<\/script>\n<!-- \/ Yoast SEO plugin. -->","yoast_head_json":{"title":"\u00a1\u00a1\u00a1DIRECTRICES EXTREMADAMENTE IMPORTANTES!!! - The Grass Outlet","description":"Maximice el potencial de su c\u00e9sped con nuestra Gu\u00eda de cuidados. Consejos de expertos para conseguir un c\u00e9sped exuberante, desde la instalaci\u00f3n hasta el mantenimiento. Empiece hoy mismo a crear el c\u00e9sped de sus sue\u00f1os.","robots":{"index":"index","follow":"nofollow","max-snippet":"max-snippet:-1","max-image-preview":"max-image-preview:large","max-video-preview":"max-video-preview:-1"},"canonical":"https:\/\/thegrassoutlet.com\/es\/guia-de-cuidados\/","og_locale":"es_MX","og_type":"article","og_title":"EXTREMELY IMPORTANT GUIDELINES!!! - The Grass Outlet","og_description":"Maximize your lawn's potential with our Care Guide. Expert tips for lush grass from installation to maintenance. Start creating your dream lawn today.","og_url":"https:\/\/thegrassoutlet.com\/es\/guia-de-cuidados\/","og_site_name":"The Grass Outlet","article_publisher":"https:\/\/www.facebook.com\/pages\/The-Grass-Outlet\/269332396527430","article_modified_time":"2024-07-28T11:34:44+00:00","twitter_misc":{"Est. reading time":"4 minutes"},"schema":{"@context":"https:\/\/schema.org","@graph":[{"@type":"WebPage","@id":"https:\/\/thegrassoutlet.com\/care-guide\/","url":"https:\/\/thegrassoutlet.com\/care-guide\/","name":"\u00a1\u00a1\u00a1DIRECTRICES EXTREMADAMENTE IMPORTANTES!!! - The Grass Outlet","isPartOf":{"@id":"https:\/\/thegrassoutlet.com\/#website"},"datePublished":"2020-01-31T17:01:31+00:00","dateModified":"2024-07-28T11:34:44+00:00","description":"Maximice el potencial de su c\u00e9sped con nuestra Gu\u00eda de cuidados. Consejos de expertos para conseguir un c\u00e9sped exuberante, desde la instalaci\u00f3n hasta el mantenimiento. Empiece hoy mismo a crear el c\u00e9sped de sus sue\u00f1os.","breadcrumb":{"@id":"https:\/\/thegrassoutlet.com\/care-guide\/#breadcrumb"},"inLanguage":"es-MX","potentialAction":[{"@type":"ReadAction","target":["https:\/\/thegrassoutlet.com\/care-guide\/"]}]},{"@type":"BreadcrumbList","@id":"https:\/\/thegrassoutlet.com\/care-guide\/#breadcrumb","itemListElement":[{"@type":"ListItem","position":1,"name":"Home","item":"https:\/\/thegrassoutlet.com\/"},{"@type":"ListItem","position":2,"name":"EXTREMELY IMPORTANT GUIDELINES!!!"}]},{"@type":"WebSite","@id":"https:\/\/thegrassoutlet.com\/#website","url":"https:\/\/thegrassoutlet.com\/","name":"The Grass Outlet","description":"\"Ayudando a Tejas a ser m\u00e1s verde, un jard\u00edn a la vez\"","publisher":{"@id":"https:\/\/thegrassoutlet.com\/#organization"},"potentialAction":[{"@type":"SearchAction","target":{"@type":"EntryPoint","urlTemplate":"https:\/\/thegrassoutlet.com\/?s={search_term_string}"},"query-input":{"@type":"PropertyValueSpecification","valueRequired":true,"valueName":"search_term_string"}}],"inLanguage":"es-MX"},{"@type":"Organization","@id":"https:\/\/thegrassoutlet.com\/#organization","name":"The Grass Outlet","url":"https:\/\/thegrassoutlet.com\/","logo":{"@type":"ImageObject","inLanguage":"es-MX","@id":"https:\/\/thegrassoutlet.com\/#\/schema\/logo\/image\/","url":"https:\/\/thegrassoutlet.com\/wp-content\/uploads\/TxNative-1-scaled.jpg","contentUrl":"https:\/\/thegrassoutlet.com\/wp-content\/uploads\/TxNative-1-scaled.jpg","width":1024,"height":720,"caption":"The Grass Outlet"},"image":{"@id":"https:\/\/thegrassoutlet.com\/#\/schema\/logo\/image\/"},"sameAs":["https:\/\/www.facebook.com\/pages\/The-Grass-Outlet\/269332396527430","https:\/\/x.com\/TheGrassOutlet"]}]}},"_links":{"self":[{"href":"https:\/\/thegrassoutlet.com\/es\/wp-json\/wp\/v2\/pages\/53491","targetHints":{"allow":["GET"]}}],"collection":[{"href":"https:\/\/thegrassoutlet.com\/es\/wp-json\/wp\/v2\/pages"}],"about":[{"href":"https:\/\/thegrassoutlet.com\/es\/wp-json\/wp\/v2\/types\/page"}],"author":[{"embeddable":true,"href":"https:\/\/thegrassoutlet.com\/es\/wp-json\/wp\/v2\/users\/659"}],"replies":[{"embeddable":true,"href":"https:\/\/thegrassoutlet.com\/es\/wp-json\/wp\/v2\/comments?post=53491"}],"version-history":[{"count":23,"href":"https:\/\/thegrassoutlet.com\/es\/wp-json\/wp\/v2\/pages\/53491\/revisions"}],"predecessor-version":[{"id":369733,"href":"https:\/\/thegrassoutlet.com\/es\/wp-json\/wp\/v2\/pages\/53491\/revisions\/369733"}],"wp:attachment":[{"href":"https:\/\/thegrassoutlet.com\/es\/wp-json\/wp\/v2\/media?parent=53491"}],"curies":[{"name":"wp","href":"https:\/\/api.w.org\/{rel}","templated":true}]}}