{"id":448766,"date":"2025-05-07T03:49:41","date_gmt":"2025-05-07T08:49:41","guid":{"rendered":"https:\/\/thegrassoutlet.com\/?page_id=448766"},"modified":"2025-05-07T03:49:42","modified_gmt":"2025-05-07T08:49:42","slug":"texting-consent","status":"publish","type":"page","link":"https:\/\/thegrassoutlet.com\/es\/texting-consent\/","title":{"rendered":"Consent Form"},"content":{"rendered":"<div class=\"container body-copy\">\n            <div class=\"row\">\n                <div class=\"col-12\">\n                    <script type=\"text\/javascript\">\n\/* <![CDATA[ *\/\nvar gform;gform||(document.addEventListener(\"gform_main_scripts_loaded\",function(){gform.scriptsLoaded=!0}),document.addEventListener(\"gform\/theme\/scripts_loaded\",function(){gform.themeScriptsLoaded=!0}),window.addEventListener(\"DOMContentLoaded\",function(){gform.domLoaded=!0}),gform={domLoaded:!1,scriptsLoaded:!1,themeScriptsLoaded:!1,isFormEditor:()=>\"function\"==typeof InitializeEditor,callIfLoaded:function(o){return!(!gform.domLoaded||!gform.scriptsLoaded||!gform.themeScriptsLoaded&&!gform.isFormEditor()||(gform.isFormEditor()&&console.warn(\"The use of gform.initializeOnLoaded() is deprecated in the form editor context and will be removed in Gravity Forms 3.1.\"),o(),0))},initializeOnLoaded:function(o){gform.callIfLoaded(o)||(document.addEventListener(\"gform_main_scripts_loaded\",()=>{gform.scriptsLoaded=!0,gform.callIfLoaded(o)}),document.addEventListener(\"gform\/theme\/scripts_loaded\",()=>{gform.themeScriptsLoaded=!0,gform.callIfLoaded(o)}),window.addEventListener(\"DOMContentLoaded\",()=>{gform.domLoaded=!0,gform.callIfLoaded(o)}))},hooks:{action:{},filter:{}},addAction:function(o,r,e,t){gform.addHook(\"action\",o,r,e,t)},addFilter:function(o,r,e,t){gform.addHook(\"filter\",o,r,e,t)},doAction:function(o){gform.doHook(\"action\",o,arguments)},applyFilters:function(o){return gform.doHook(\"filter\",o,arguments)},removeAction:function(o,r){gform.removeHook(\"action\",o,r)},removeFilter:function(o,r,e){gform.removeHook(\"filter\",o,r,e)},addHook:function(o,r,e,t,n){null==gform.hooks[o][r]&&(gform.hooks[o][r]=[]);var d=gform.hooks[o][r];null==n&&(n=r+\"_\"+d.length),gform.hooks[o][r].push({tag:n,callable:e,priority:t=null==t?10:t})},doHook:function(r,o,e){var t;if(e=Array.prototype.slice.call(e,1),null!=gform.hooks[r][o]&&((o=gform.hooks[r][o]).sort(function(o,r){return o.priority-r.priority}),o.forEach(function(o){\"function\"!=typeof(t=o.callable)&&(t=window[t]),\"action\"==r?t.apply(null,e):e[0]=t.apply(null,e)})),\"filter\"==r)return e[0]},removeHook:function(o,r,t,n){var e;null!=gform.hooks[o][r]&&(e=(e=gform.hooks[o][r]).filter(function(o,r,e){return!!(null!=n&&n!=o.tag||null!=t&&t!=o.priority)}),gform.hooks[o][r]=e)}});\n\/* ]]> *\/\n<\/script>\n\n                <div class=\"gf_browser_gecko gform_wrapper gravity-theme gform-theme--no-framework\" data-form-theme=\"gravity-theme\" data-form-index=\"0\" id=\"gform_wrapper_80\">\n                        <div class=\"gform_heading\">\n                            <h2 class=\"gform_title\">Consent to Receive Text Messages<\/h2>\n                            <p class=\"gform_description\">Autorizo recibir mensajes de texto transaccionales de The Grass Outlet, incluidos mensajes de conversaci\u00f3n, actualizaciones de estado, recordatorios de citas y confirmaciones de pedidos\/env\u00edos. La frecuencia de los mensajes puede variar. Pueden aplicarse cargos por mensajes y datos.<\/p>\n\t\t\t\t\t\t\t<p class=\"gform_required_legend\">\"<span class=\"gfield_required gfield_required_asterisk\">*<\/span>\" indicates required fields<\/p>\n                        <\/div><form method=\"post\" enctype=\"multipart\/form-data\" id=\"gform_80\" action=\"\/es\/wp-json\/wp\/v2\/pages\/448766\" data-formid=\"80\" novalidate data-trp-original-action=\"\/es\/wp-json\/wp\/v2\/pages\/448766\">\n                        <div class=\"gform-body gform_body\"><div id=\"gform_fields_80\" class=\"gform_fields top_label form_sublabel_below description_below validation_below\"><div id=\"field_80_3\" class=\"gfield gfield--type-text gfield--width-full gfield_contains_required field_sublabel_below gfield--no-description field_description_below field_validation_below gfield_visibility_visible\"><label class=\"gfield_label gform-field-label\" for=\"input_80_3\">Nombre completo<span class=\"gfield_required\"><span class=\"gfield_required gfield_required_asterisk\">*<\/span><\/span><\/label><div class=\"ginput_container ginput_container_text\"><input name=\"input_3\" id=\"input_80_3\" type=\"text\" value=\"\" class=\"large\" aria-required=\"true\" aria-invalid=\"false\"><\/div><\/div><div id=\"field_80_4\" class=\"gfield gfield--type-text gfield--width-full field_sublabel_below gfield--no-description field_description_below field_validation_below gfield_visibility_visible\"><label class=\"gfield_label gform-field-label\" for=\"input_80_4\">Empresa (opcional)<\/label><div class=\"ginput_container ginput_container_text\"><input name=\"input_4\" id=\"input_80_4\" type=\"text\" value=\"\" class=\"large\" aria-invalid=\"false\"><\/div><\/div><div id=\"field_80_5\" class=\"gfield gfield--type-phone gfield--width-full gfield_contains_required field_sublabel_below gfield--no-description field_description_below field_validation_below gfield_visibility_visible\"><label class=\"gfield_label gform-field-label\" for=\"input_80_5\">N\u00famero de tel\u00e9fono m\u00f3vil<span class=\"gfield_required\"><span class=\"gfield_required gfield_required_asterisk\">*<\/span><\/span><\/label><div class=\"ginput_container ginput_container_phone\"><input name=\"input_5\" id=\"input_80_5\" type=\"tel\" value=\"\" class=\"large\" aria-required=\"true\" aria-invalid=\"false\"><\/div><\/div><div id=\"field_80_6\" class=\"gfield gfield--type-email gfield--width-full gfield_contains_required field_sublabel_below gfield--no-description field_description_below field_validation_below gfield_visibility_visible\"><label class=\"gfield_label gform-field-label\" for=\"input_80_6\">Correo electr\u00f3nico<span class=\"gfield_required\"><span class=\"gfield_required gfield_required_asterisk\">*<\/span><\/span><\/label><div class=\"ginput_container ginput_container_email\">\n                            <input name=\"input_6\" id=\"input_80_6\" type=\"email\" value=\"\" class=\"large\" aria-required=\"true\" aria-invalid=\"false\">\n                        <\/div><\/div><fieldset id=\"field_80_7\" class=\"gfield gfield--type-checkbox gfield--type-choice gfield_contains_required field_sublabel_below gfield--no-description field_description_below hidden_label field_validation_below gfield_visibility_visible\"><legend class=\"gfield_label gform-field-label gfield_label_before_complex\">Consentimiento<span class=\"gfield_required\"><span class=\"gfield_required gfield_required_asterisk\">*<\/span><\/span><\/legend><div class=\"ginput_container ginput_container_checkbox\"><div class=\"gfield_checkbox\" id=\"input_80_7\"><div class=\"gchoice gchoice_80_7_1\">\n\t\t\t\t\t\t\t\t<input class=\"gfield-choice-input\" name=\"input_7.1\" type=\"checkbox\" value=\"consent_agree\" id=\"choice_80_7_1\">\n\t\t\t\t\t\t\t\t<label for=\"choice_80_7_1\" id=\"label_80_7_1\" class=\"gform-field-label gform-field-label--type-inline\">Doy mi consentimiento para recibir mensajes de texto transaccionales de The Grass Outlet, como actualizaciones, recordatorios y confirmaciones de env\u00edo. Confirmo que soy el usuario autorizado del n\u00famero de tel\u00e9fono m\u00f3vil facilitado. Entiendo que pueden aplicarse tarifas de mensajes y datos y que la frecuencia de los mensajes puede variar. Tambi\u00e9n entiendo que puedo cancelar mi suscripci\u00f3n en cualquier momento respondiendo STOP o UNSUBSCRIBE a cualquier mensaje.<\/label>\n\t\t\t\t\t\t\t<\/div><\/div><\/div><\/fieldset><fieldset id=\"field_80_8\" class=\"gfield gfield--type-checkbox gfield--type-choice gfield--width-full gfield_contains_required field_sublabel_below gfield--no-description field_description_below hidden_label field_validation_below gfield_visibility_visible\"><legend class=\"gfield_label gform-field-label gfield_label_before_complex\">Sin t\u00edtulo<span class=\"gfield_required\"><span class=\"gfield_required gfield_required_asterisk\">*<\/span><\/span><\/legend><div class=\"ginput_container ginput_container_checkbox\"><div class=\"gfield_checkbox\" id=\"input_80_8\"><div class=\"gchoice gchoice_80_8_1\">\n\t\t\t\t\t\t\t\t<input class=\"gfield-choice-input\" name=\"input_8.1\" type=\"checkbox\" value=\"policy_agree\" id=\"choice_80_8_1\">\n\t\t\t\t\t\t\t\t<label for=\"choice_80_8_1\" id=\"label_80_8_1\" class=\"gform-field-label gform-field-label--type-inline\">Acepto la Pol\u00edtica de Privacidad y los T\u00e9rminos y Condiciones.<\/label>\n\t\t\t\t\t\t\t<\/div><\/div><\/div><\/fieldset><\/div><\/div>\n        <div class=\"gform-footer gform_footer top_label\"> <input type=\"submit\" id=\"gform_submit_button_80\" class=\"gform_button button\" onclick=\"gform.submission.handleButtonClick(this);\" data-submission-type=\"submit\" value=\"Enviar consentimiento\"> \n            <input type=\"hidden\" class=\"gform_hidden\" name=\"gform_submission_method\" data-js=\"gform_submission_method_80\" value=\"postback\">\n            <input type=\"hidden\" class=\"gform_hidden\" name=\"gform_theme\" data-js=\"gform_theme_80\" id=\"gform_theme_80\" value=\"gravity-theme\">\n            <input type=\"hidden\" class=\"gform_hidden\" name=\"gform_style_settings\" data-js=\"gform_style_settings_80\" id=\"gform_style_settings_80\" value=\"[]\">\n            <input type=\"hidden\" class=\"gform_hidden\" name=\"is_submit_80\" value=\"1\">\n            <input type=\"hidden\" class=\"gform_hidden\" name=\"gform_submit\" value=\"80\">\n            \n            <input type=\"hidden\" class=\"gform_hidden\" name=\"gform_unique_id\" value=\"\">\n            <input type=\"hidden\" class=\"gform_hidden\" name=\"state_80\" value=\"WyJ7XCI3LjFcIjpcImQ0YWYxZGQzNTU1YTIwNjdmNDhmMmQwYjY1MWUyOGQyXCIsXCI4LjFcIjpcImZjM2VkNTUxZGI1NDU0NWJiMDA4MGI2YmIxYjc0MjI3XCJ9IiwiYzU5ZDQ3MTQ2ZjgxM2JlM2M2ODMwOTZlYzNlY2NiZDMiXQ==\">\n            <input type=\"hidden\" autocomplete=\"off\" class=\"gform_hidden\" name=\"gform_target_page_number_80\" id=\"gform_target_page_number_80\" value=\"0\">\n            <input type=\"hidden\" autocomplete=\"off\" class=\"gform_hidden\" name=\"gform_source_page_number_80\" id=\"gform_source_page_number_80\" value=\"1\">\n            <input type=\"hidden\" name=\"gform_field_values\" value=\"\">\n            \n        <\/div>\n                        <input type=\"hidden\" name=\"trp-form-language\" value=\"es\"\/><\/form>\n                        <\/div><script type=\"text\/javascript\">\n\/* <![CDATA[ *\/\n gform.initializeOnLoaded( function() {gformInitSpinner( 80, 'https:\/\/thegrassoutlet.com\/wp-content\/plugins\/gravityforms\/images\/spinner.svg', true );jQuery('#gform_ajax_frame_80').on('load',function(){var contents = jQuery(this).contents().find('*').html();var is_postback = contents.indexOf('GF_AJAX_POSTBACK') >= 0;if(!is_postback){return;}var form_content = jQuery(this).contents().find('#gform_wrapper_80');var is_confirmation = jQuery(this).contents().find('#gform_confirmation_wrapper_80').length > 0;var is_redirect = contents.indexOf('gformRedirect(){') >= 0;var is_form = form_content.length > 0 && ! is_redirect && ! is_confirmation;var mt = parseInt(jQuery('html').css('margin-top'), 10) + parseInt(jQuery('body').css('margin-top'), 10) + 100;if(is_form){jQuery('#gform_wrapper_80').html(form_content.html());if(form_content.hasClass('gform_validation_error')){jQuery('#gform_wrapper_80').addClass('gform_validation_error');} else {jQuery('#gform_wrapper_80').removeClass('gform_validation_error');}setTimeout( function() { \/* delay the scroll by 50 milliseconds to fix a bug in chrome *\/  }, 50 );if(window['gformInitDatepicker']) {gformInitDatepicker();}if(window['gformInitPriceFields']) {gformInitPriceFields();}var current_page = jQuery('#gform_source_page_number_80').val();gformInitSpinner( 80, 'https:\/\/thegrassoutlet.com\/wp-content\/plugins\/gravityforms\/images\/spinner.svg', true );jQuery(document).trigger('gform_page_loaded', [80, current_page]);window['gf_submitting_80'] = false;}else if(!is_redirect){var confirmation_content = jQuery(this).contents().find('.GF_AJAX_POSTBACK').html();if(!confirmation_content){confirmation_content = contents;}jQuery('#gform_wrapper_80').replaceWith(confirmation_content);jQuery(document).trigger('gform_confirmation_loaded', [80]);window['gf_submitting_80'] = false;wp.a11y.speak(jQuery('#gform_confirmation_message_80').text());}else{jQuery('#gform_80').append(contents);if(window['gformRedirect']) {gformRedirect();}}jQuery(document).trigger(\"gform_pre_post_render\", [{ formId: \"80\", currentPage: \"current_page\", abort: function() { this.preventDefault(); } }]);        if (event && event.defaultPrevented) {                return;        }        const gformWrapperDiv = document.getElementById( \"gform_wrapper_80\" );        if ( gformWrapperDiv ) {            const visibilitySpan = document.createElement( \"span\" );            visibilitySpan.id = \"gform_visibility_test_80\";            gformWrapperDiv.insertAdjacentElement( \"afterend\", visibilitySpan );        }        const visibilityTestDiv = document.getElementById( \"gform_visibility_test_80\" );        let postRenderFired = false;        function triggerPostRender() {            if ( postRenderFired ) {                return;            }            postRenderFired = true;            gform.core.triggerPostRenderEvents( 80, current_page );            if ( visibilityTestDiv ) {                visibilityTestDiv.parentNode.removeChild( visibilityTestDiv );            }        }        function debounce( func, wait, immediate ) {            var timeout;            return function() {                var context = this, args = arguments;                var later = function() {                    timeout = null;                    if ( !immediate ) func.apply( context, args );                };                var callNow = immediate && !timeout;                clearTimeout( timeout );                timeout = setTimeout( later, wait );                if ( callNow ) func.apply( context, args );            };        }        const debouncedTriggerPostRender = debounce( function() {            triggerPostRender();        }, 200 );        if ( visibilityTestDiv && visibilityTestDiv.offsetParent === null ) {            const observer = new MutationObserver( ( mutations ) => {                mutations.forEach( ( mutation ) => {                    if ( mutation.type === 'attributes' && visibilityTestDiv.offsetParent !== null ) {                        debouncedTriggerPostRender();                        observer.disconnect();                    }                });            });            observer.observe( document.body, {                attributes: true,                childList: false,                subtree: true,                attributeFilter: [ 'style', 'class' ],            });        } else {            triggerPostRender();        }    } );} ); \n\/* ]]> *\/\n<\/script>\n\n<p>\u00a0<\/p>\n<p>Env\u00ede HELP o INFO al <a href=\"sms:5124678902\"><span data-calltrk-noswap=\"\">512-467-8902<\/span><\/a> for more information. Message and data rates may apply.<br>\nYou can opt out at any time by replying STOP or UNSUBSCRIBE to any message.<\/p>\n                <\/div>\n            <\/div>\n        <\/div>","protected":false},"excerpt":{"rendered":"","protected":false},"author":6338,"featured_media":0,"parent":0,"menu_order":0,"comment_status":"closed","ping_status":"closed","template":"","meta":{"_acf_changed":false,"inline_featured_image":false,"footnotes":""},"class_list":["post-448766","page","type-page","status-publish","hentry"],"acf":[],"yoast_head":"<!-- This site is optimized with the Yoast SEO plugin v26.0 - https:\/\/yoast.com\/wordpress\/plugins\/seo\/ -->\n<title>Consent Form - The Grass Outlet<\/title>\n<meta name=\"description\" content=\"Consent Form The Grass Outlet is the premier provider of sod grass in the state of Texas. Property owners in Texas can rely on us for grass when it&#039;s time to improve the landscaping of yards or lawns.\" \/>\n<meta name=\"robots\" content=\"index, follow, max-snippet:-1, max-image-preview:large, max-video-preview:-1\" \/>\n<link rel=\"canonical\" href=\"https:\/\/thegrassoutlet.com\/es\/texting-consent\/\" \/>\n<meta property=\"og:locale\" content=\"es_MX\" \/>\n<meta property=\"og:type\" content=\"article\" \/>\n<meta property=\"og:title\" content=\"Consent Form - The Grass Outlet\" \/>\n<meta property=\"og:description\" content=\"Consent Form The Grass Outlet is the premier provider of sod grass in the state of Texas. Property owners in Texas can rely on us for grass when it&#039;s time to improve the landscaping of yards or lawns.\" \/>\n<meta property=\"og:url\" content=\"https:\/\/thegrassoutlet.com\/es\/texting-consent\/\" \/>\n<meta property=\"og:site_name\" content=\"The Grass Outlet\" \/>\n<meta property=\"article:publisher\" content=\"https:\/\/www.facebook.com\/pages\/The-Grass-Outlet\/269332396527430\" \/>\n<meta property=\"article:modified_time\" content=\"2025-05-07T08:49:42+00:00\" \/>\n<script type=\"application\/ld+json\" class=\"yoast-schema-graph\">{\"@context\":\"https:\/\/schema.org\",\"@graph\":[{\"@type\":\"WebPage\",\"@id\":\"https:\/\/thegrassoutlet.com\/texting-consent\/\",\"url\":\"https:\/\/thegrassoutlet.com\/texting-consent\/\",\"name\":\"Consent Form - The Grass Outlet\",\"isPartOf\":{\"@id\":\"https:\/\/thegrassoutlet.com\/#website\"},\"datePublished\":\"2025-05-07T08:49:41+00:00\",\"dateModified\":\"2025-05-07T08:49:42+00:00\",\"description\":\"Consent Form The Grass Outlet is the premier provider of sod grass in the state of Texas. Property owners in Texas can rely on us for grass when it's time to improve the landscaping of yards or lawns.\",\"breadcrumb\":{\"@id\":\"https:\/\/thegrassoutlet.com\/texting-consent\/#breadcrumb\"},\"inLanguage\":\"es-MX\",\"potentialAction\":[{\"@type\":\"ReadAction\",\"target\":[\"https:\/\/thegrassoutlet.com\/texting-consent\/\"]}]},{\"@type\":\"BreadcrumbList\",\"@id\":\"https:\/\/thegrassoutlet.com\/texting-consent\/#breadcrumb\",\"itemListElement\":[{\"@type\":\"ListItem\",\"position\":1,\"name\":\"Home\",\"item\":\"https:\/\/thegrassoutlet.com\/\"},{\"@type\":\"ListItem\",\"position\":2,\"name\":\"Consent Form\"}]},{\"@type\":\"WebSite\",\"@id\":\"https:\/\/thegrassoutlet.com\/#website\",\"url\":\"https:\/\/thegrassoutlet.com\/\",\"name\":\"The Grass Outlet\",\"description\":\"&quot;Helping Texas Go Green, One Yard at a Time&quot;\",\"publisher\":{\"@id\":\"https:\/\/thegrassoutlet.com\/#organization\"},\"potentialAction\":[{\"@type\":\"SearchAction\",\"target\":{\"@type\":\"EntryPoint\",\"urlTemplate\":\"https:\/\/thegrassoutlet.com\/?s={search_term_string}\"},\"query-input\":{\"@type\":\"PropertyValueSpecification\",\"valueRequired\":true,\"valueName\":\"search_term_string\"}}],\"inLanguage\":\"es-MX\"},{\"@type\":\"Organization\",\"@id\":\"https:\/\/thegrassoutlet.com\/#organization\",\"name\":\"The Grass Outlet\",\"url\":\"https:\/\/thegrassoutlet.com\/\",\"logo\":{\"@type\":\"ImageObject\",\"inLanguage\":\"es-MX\",\"@id\":\"https:\/\/thegrassoutlet.com\/#\/schema\/logo\/image\/\",\"url\":\"https:\/\/thegrassoutlet.com\/wp-content\/uploads\/TxNative-1-scaled.jpg\",\"contentUrl\":\"https:\/\/thegrassoutlet.com\/wp-content\/uploads\/TxNative-1-scaled.jpg\",\"width\":1024,\"height\":720,\"caption\":\"The Grass Outlet\"},\"image\":{\"@id\":\"https:\/\/thegrassoutlet.com\/#\/schema\/logo\/image\/\"},\"sameAs\":[\"https:\/\/www.facebook.com\/pages\/The-Grass-Outlet\/269332396527430\",\"https:\/\/x.com\/TheGrassOutlet\"]}]}<\/script>\n<!-- \/ Yoast SEO plugin. -->","yoast_head_json":{"title":"Consent Form - The Grass Outlet","description":"Consent Form The Grass Outlet is the premier provider of sod grass in the state of Texas. Property owners in Texas can rely on us for grass when it's time to improve the landscaping of yards or lawns.","robots":{"index":"index","follow":"follow","max-snippet":"max-snippet:-1","max-image-preview":"max-image-preview:large","max-video-preview":"max-video-preview:-1"},"canonical":"https:\/\/thegrassoutlet.com\/es\/texting-consent\/","og_locale":"es_MX","og_type":"article","og_title":"Consent Form - The Grass Outlet","og_description":"Consent Form The Grass Outlet is the premier provider of sod grass in the state of Texas. Property owners in Texas can rely on us for grass when it's time to improve the landscaping of yards or lawns.","og_url":"https:\/\/thegrassoutlet.com\/es\/texting-consent\/","og_site_name":"The Grass Outlet","article_publisher":"https:\/\/www.facebook.com\/pages\/The-Grass-Outlet\/269332396527430","article_modified_time":"2025-05-07T08:49:42+00:00","schema":{"@context":"https:\/\/schema.org","@graph":[{"@type":"WebPage","@id":"https:\/\/thegrassoutlet.com\/texting-consent\/","url":"https:\/\/thegrassoutlet.com\/texting-consent\/","name":"Consent Form - The Grass Outlet","isPartOf":{"@id":"https:\/\/thegrassoutlet.com\/#website"},"datePublished":"2025-05-07T08:49:41+00:00","dateModified":"2025-05-07T08:49:42+00:00","description":"Consent Form The Grass Outlet is the premier provider of sod grass in the state of Texas. Property owners in Texas can rely on us for grass when it's time to improve the landscaping of yards or lawns.","breadcrumb":{"@id":"https:\/\/thegrassoutlet.com\/texting-consent\/#breadcrumb"},"inLanguage":"es-MX","potentialAction":[{"@type":"ReadAction","target":["https:\/\/thegrassoutlet.com\/texting-consent\/"]}]},{"@type":"BreadcrumbList","@id":"https:\/\/thegrassoutlet.com\/texting-consent\/#breadcrumb","itemListElement":[{"@type":"ListItem","position":1,"name":"Home","item":"https:\/\/thegrassoutlet.com\/"},{"@type":"ListItem","position":2,"name":"Consent Form"}]},{"@type":"WebSite","@id":"https:\/\/thegrassoutlet.com\/#website","url":"https:\/\/thegrassoutlet.com\/","name":"The Grass Outlet","description":"\"Ayudando a Tejas a ser m\u00e1s verde, un jard\u00edn a la vez\"","publisher":{"@id":"https:\/\/thegrassoutlet.com\/#organization"},"potentialAction":[{"@type":"SearchAction","target":{"@type":"EntryPoint","urlTemplate":"https:\/\/thegrassoutlet.com\/?s={search_term_string}"},"query-input":{"@type":"PropertyValueSpecification","valueRequired":true,"valueName":"search_term_string"}}],"inLanguage":"es-MX"},{"@type":"Organization","@id":"https:\/\/thegrassoutlet.com\/#organization","name":"The Grass Outlet","url":"https:\/\/thegrassoutlet.com\/","logo":{"@type":"ImageObject","inLanguage":"es-MX","@id":"https:\/\/thegrassoutlet.com\/#\/schema\/logo\/image\/","url":"https:\/\/thegrassoutlet.com\/wp-content\/uploads\/TxNative-1-scaled.jpg","contentUrl":"https:\/\/thegrassoutlet.com\/wp-content\/uploads\/TxNative-1-scaled.jpg","width":1024,"height":720,"caption":"The Grass Outlet"},"image":{"@id":"https:\/\/thegrassoutlet.com\/#\/schema\/logo\/image\/"},"sameAs":["https:\/\/www.facebook.com\/pages\/The-Grass-Outlet\/269332396527430","https:\/\/x.com\/TheGrassOutlet"]}]}},"_links":{"self":[{"href":"https:\/\/thegrassoutlet.com\/es\/wp-json\/wp\/v2\/pages\/448766","targetHints":{"allow":["GET"]}}],"collection":[{"href":"https:\/\/thegrassoutlet.com\/es\/wp-json\/wp\/v2\/pages"}],"about":[{"href":"https:\/\/thegrassoutlet.com\/es\/wp-json\/wp\/v2\/types\/page"}],"author":[{"embeddable":true,"href":"https:\/\/thegrassoutlet.com\/es\/wp-json\/wp\/v2\/users\/6338"}],"replies":[{"embeddable":true,"href":"https:\/\/thegrassoutlet.com\/es\/wp-json\/wp\/v2\/comments?post=448766"}],"version-history":[{"count":1,"href":"https:\/\/thegrassoutlet.com\/es\/wp-json\/wp\/v2\/pages\/448766\/revisions"}],"predecessor-version":[{"id":448767,"href":"https:\/\/thegrassoutlet.com\/es\/wp-json\/wp\/v2\/pages\/448766\/revisions\/448767"}],"wp:attachment":[{"href":"https:\/\/thegrassoutlet.com\/es\/wp-json\/wp\/v2\/media?parent=448766"}],"curies":[{"name":"wp","href":"https:\/\/api.w.org\/{rel}","templated":true}]}}