{"id":3094,"date":"2014-03-28T11:45:18","date_gmt":"2014-03-28T16:45:18","guid":{"rendered":"https:\/\/thegrassoutlet.com\/?page_id=3094"},"modified":"2023-12-10T13:44:25","modified_gmt":"2023-12-10T19:44:25","slug":"grass-for-sale-in-von-ormy","status":"publish","type":"page","link":"https:\/\/thegrassoutlet.com\/es\/lugar-de-recogida-en-san-antonio\/grass-for-sale-in-von-ormy\/","title":{"rendered":"Grass for Sale in Von Ormy"},"content":{"rendered":"<h2 dir=\"ltr\">Are you looking to buy grass in Von Ormy?<\/h2>\n<p>Loving everything about Von Ormy except for your lawn? Maybe it\u2019s time to contact the Grass Outlet. The Grass Outlet is one of Texas\u2019 top grass providers. With farms located on the rich soils of the Texas coast, the Grass Outlet grows several different grass varieties, all top-notch. Not sure which one is right for you? We offer detailed descriptions of each of grass types on our website along with galleries of high definition pictures. If you\u2019re looking for a little more personalized guidance we encourage you to call and speak with one of our knowledgeable grass sod experts. We\u2019re always pleased to match a customer with a grass type that is best suited to their location and sure to please.<\/p>\n<h2>Los m\u00e1s vendidos para el \u00e1rea de San Antonio:<\/h2>\n<ul>\n<li><a href=\"https:\/\/thegrassoutlet.com\/es\/tienda\/cesped-tifway-419-bermuda\/\">Tifway 419 Bermuda<\/a><\/li>\n<li><a href=\"https:\/\/thegrassoutlet.com\/es\/tienda\/raleigh-san-agustin\/\">Raleigh San Agust\u00edn<\/a><\/li>\n<li>Floratam San Agust\u00edn<\/li>\n<li><a href=\"https:\/\/thegrassoutlet.com\/es\/tienda\/celebration-bermuda\/\">Celebration Bermuda<\/a><\/li>\n<li><a href=\"https:\/\/thegrassoutlet.com\/es\/tienda\/product-category\/zoysia\/\">Todas las Zoysias<\/a><\/li>\n<\/ul>\n<h2 dir=\"ltr\">Una tradici\u00f3n de excelencia en hierba<\/h2>\n<p dir=\"ltr\">At The Grass Outlet excellence isn\u2019t just something we strive for: it\u2019s a tradition. We\u2019ve kept grass in the family for awhile now and we don\u2019t plan on producing anything substandard anytime soon. If you\u2019re looking for a sod provider you can trust, visit our site and learn a little more.<\/p>\n<h2 dir=\"ltr\">Pedidos en l\u00ednea<\/h2>\n<p dir=\"ltr\">It\u2019s as easy as we\u2019ve made it sound. After entering your Von Ormy zip code on our online ordering page you\u2019ll have all the information you need to order quality grass that is designed for your area. <a href=\"https:\/\/thegrassoutlet.com\/es\/pongase-en-contacto-con\/\">P\u00f3ngase en contacto con nosotros en Grass Outlet hoy mismo<\/a>.<\/p>\n\n    <div class=\"container delivery-areas fix-width-container\" id=\"delivery-areas\">\n        <div class=\"row\">\n            <div class=\"col-12\">\n                <div class=\"content\">\n                    <div class=\"cta\">\n                                                    <h2>Zonas de entrega<\/h2>\n                                                                            <div class=\"vert-deco\">\n                                <p>The Grass Outlet realiza entregas en muchas \u00e1reas metropolitanas de Tejas.  Por favor, introduzca su c\u00f3digo postal para obtener informaci\u00f3n sobre precios y disponibilidad.<\/p>\n                            <\/div>\n                                                <a href=\"#region-select\" class=\"fnc-delivery-areas region-name btn btn-border grey\" data-toggle=\"modal\">\n                            <span class=\"brown\">Elegir<\/span> <!-- ozzy -->\n                            <i class=\"light-grey icomoon icon-delivery\"><\/i>\n                        <\/a>\n                        <form method=\"post\" class=\"delivery-areas-zip-code-form\" action=\"\/es\/#delivery-areas\" data-trp-original-action=\"\/#delivery-areas\">\n                            <div class=\"span6 form-inner-wrap\">\n                                <input name=\"delivery_zipcode\" type=\"tel\" format=\"*N\" value=\"\" size=\"10\" pattern=\"[0-9]*\" minlength=\"5\" maxlength=\"5\" required placeholder=\"Introducir c\u00f3digo postal\">\n                                <button class=\"btn btn-primary\"><span>OK<\/span><\/button>\n                            <\/div>\n                        <input type=\"hidden\" name=\"trp-form-language\" value=\"es\"\/><\/form>\n                    <\/div>\n                                            <div class=\"links row\">\n                                                            <div class=\"col-12 col-md-6\">\n                                                                            <h3><a href=\"https:\/\/thegrassoutlet.com\/es\/pongase-en-contacto-con\/ubicacion-de-recogida-en-austin\/\" target=\"_self\">Austin<\/a><\/h3>\n                                                                                                                <ul class=\"no-bullets\">\n                                                                                                                                                <li><a href=\"https:\/\/thegrassoutlet.com\/es\/pongase-en-contacto-con\/ubicacion-de-recogida-en-austin\/cedar-park\/\" target=\"_self\">Cedar Park<\/a><\/li>\n                                                                                                                                                                                                <li><a href=\"https:\/\/thegrassoutlet.com\/es\/pongase-en-contacto-con\/ubicacion-de-recogida-en-austin\/leander\/\" target=\"_self\">Leander<\/a><\/li>\n                                                                                                                                                                                                <li><a href=\"https:\/\/thegrassoutlet.com\/es\/pongase-en-contacto-con\/ubicacion-de-recogida-en-austin\/round-rock\/\" target=\"_self\">Round Rock<\/a><\/li>\n                                                                                                                                                                                                <li><a href=\"https:\/\/thegrassoutlet.com\/es\/pongase-en-contacto-con\/ubicacion-de-recogida-en-austin\/georgetown\/\" target=\"_self\">Georgetown<\/a><\/li>\n                                                                                                                                                                                                <li><a href=\"https:\/\/thegrassoutlet.com\/es\/pongase-en-contacto-con\/ubicacion-de-recogida-en-austin\/pflugerville\/\" target=\"_self\">Pflugerville<\/a><\/li>\n                                                                                                                                                                                                <li><a href=\"https:\/\/thegrassoutlet.com\/es\/pongase-en-contacto-con\/ubicacion-de-recogida-en-austin\/lakeway\/\" target=\"_self\">Lakeway<\/a><\/li>\n                                                                                                                                                                                                <li><a href=\"https:\/\/thegrassoutlet.com\/es\/pongase-en-contacto-con\/ubicacion-de-recogida-en-austin\/dripping-springs\/\" target=\"_self\">Dripping Springs<\/a><\/li>\n                                                                                                                                                                                                <li><a href=\"https:\/\/thegrassoutlet.com\/es\/pongase-en-contacto-con\/ubicacion-de-recogida-en-austin\/buda\/\" target=\"_self\">Buda<\/a><\/li>\n                                                                                                                                                                                                <li><a href=\"https:\/\/thegrassoutlet.com\/es\/pongase-en-contacto-con\/ubicacion-de-recogida-en-austin\/kyle\/\" target=\"_self\">Kyle<\/a><\/li>\n                                                                                                                                                                                                <li><a href=\"https:\/\/thegrassoutlet.com\/es\/pongase-en-contacto-con\/ubicacion-de-recogida-en-austin\/hutto\/\" target=\"_self\">Hutto<\/a><\/li>\n                                                                                                                                                                                                <li><a href=\"https:\/\/thegrassoutlet.com\/es\/pongase-en-contacto-con\/ubicacion-de-recogida-en-austin\/bastrop\/\" target=\"_self\">Bastrop<\/a><\/li>\n                                                                                                                                                                                                <li><a href=\"https:\/\/thegrassoutlet.com\/es\/pongase-en-contacto-con\/ubicacion-de-recogida-en-austin\/west-lake\/\" target=\"_self\">Lago del Oeste<\/a><\/li>\n                                                                                                                                    <\/ul>\n                                     \n                                <\/div>\n                                                            <div class=\"col-12 col-md-6\">\n                                                                            <h3><a href=\"https:\/\/thegrassoutlet.com\/es\/lugar-de-recogida-en-san-antonio\/\" target=\"_self\">San Antonio<\/a><\/h3>\n                                                                                                                <ul class=\"no-bullets\">\n                                                                                                                                                <li><a href=\"https:\/\/thegrassoutlet.com\/es\/lugar-de-recogida-en-san-antonio\/hierba-de-san-antonio\/new-braunfels\/\" target=\"_self\">New Braunfels<\/a><\/li>\n                                                                                                                                                                                                <li><a href=\"https:\/\/thegrassoutlet.com\/es\/lugar-de-recogida-en-san-antonio\/seguin\/\" target=\"_self\">Seguin<\/a><\/li>\n                                                                                                                                                                                                <li><a href=\"https:\/\/thegrassoutlet.com\/es\/lugar-de-recogida-en-san-antonio\/schertz\/\" target=\"_self\">Schertz<\/a><\/li>\n                                                                                                                                                                                                <li><a href=\"https:\/\/thegrassoutlet.com\/es\/lugar-de-recogida-en-san-antonio\/cibolo\/\" target=\"_self\">Cibolo<\/a><\/li>\n                                                                                                                                                                                                <li><a href=\"https:\/\/thegrassoutlet.com\/es\/lugar-de-recogida-en-san-antonio\/helotes\/\" target=\"_self\">Helotes<\/a><\/li>\n                                                                                                                                                                                                <li><a href=\"https:\/\/thegrassoutlet.com\/es\/lugar-de-recogida-en-san-antonio\/converse\/\" target=\"_self\">Converse<\/a><\/li>\n                                                                                                                                                                                                <li><a href=\"https:\/\/thegrassoutlet.com\/es\/lugar-de-recogida-en-san-antonio\/bulverde\/\" target=\"_self\">Bulverde<\/a><\/li>\n                                                                                                                                                                                                <li><a href=\"https:\/\/thegrassoutlet.com\/es\/lugar-de-recogida-en-san-antonio\/kirby\/\" target=\"_self\">Kirby<\/a><\/li>\n                                                                                                                                                                                                <li><a href=\"https:\/\/thegrassoutlet.com\/es\/lugar-de-recogida-en-san-antonio\/live-oak\/\" target=\"_self\">Live Oak<\/a><\/li>\n                                                                                                                                                                                                <li><a href=\"https:\/\/thegrassoutlet.com\/es\/lugar-de-recogida-en-san-antonio\/san-marcos\/\" target=\"_self\">San Marcos<\/a><\/li>\n                                                                                                                                                                                                <li><a href=\"https:\/\/thegrassoutlet.com\/es\/lugar-de-recogida-en-san-antonio\/hierba-en-venta-en-garden-ridge\/\" target=\"_self\">Garden Ridge<\/a><\/li>\n                                                                                                                                                                                                <li><a href=\"https:\/\/thegrassoutlet.com\/es\/lugar-de-recogida-en-san-antonio\/universal-city\/\" target=\"_self\">Universal City<\/a><\/li>\n                                                                                                                                    <\/ul>\n                                     \n                                <\/div>\n                                                    <\/div>\n                                         \n                <\/div>\n            <\/div>\n        <\/div>\n    <\/div>","protected":false},"excerpt":{"rendered":"<p>Are you looking to buy grass in Von Ormy? Loving everything about Von Ormy except for your lawn? Maybe it\u2019s time to contact the Grass Outlet. The Grass Outlet is one of Texas\u2019 top grass providers. With farms located on&hellip;<\/p>","protected":false},"author":659,"featured_media":2793,"parent":1111,"menu_order":0,"comment_status":"open","ping_status":"open","template":"page-local-landing.php","meta":{"_acf_changed":false,"inline_featured_image":false,"footnotes":""},"class_list":["post-3094","page","type-page","status-publish","has-post-thumbnail","hentry"],"acf":[],"yoast_head":"<!-- This site is optimized with the Yoast SEO plugin v26.0 - https:\/\/yoast.com\/wordpress\/plugins\/seo\/ -->\n<title>Grass for Sale in Von Ormy - The Grass Outlet<\/title>\n<meta name=\"description\" content=\"Grass for Sale in Von Ormy The Grass Outlet is the premier provider of sod grass in the state of Texas. Property owners in Texas can rely on us for grass when it&#039;s time to improve the landscaping of yards or lawns.\" \/>\n<meta name=\"robots\" content=\"index, follow, max-snippet:-1, max-image-preview:large, max-video-preview:-1\" \/>\n<link rel=\"canonical\" href=\"https:\/\/thegrassoutlet.com\/es\/lugar-de-recogida-en-san-antonio\/grass-for-sale-in-von-ormy\/\" \/>\n<meta property=\"og:locale\" content=\"es_MX\" \/>\n<meta property=\"og:type\" content=\"article\" \/>\n<meta property=\"og:title\" content=\"Grass for Sale in Von Ormy - The Grass Outlet\" \/>\n<meta property=\"og:description\" content=\"Grass for Sale in Von Ormy The Grass Outlet is the premier provider of sod grass in the state of Texas. Property owners in Texas can rely on us for grass when it&#039;s time to improve the landscaping of yards or lawns.\" \/>\n<meta property=\"og:url\" content=\"https:\/\/thegrassoutlet.com\/es\/lugar-de-recogida-en-san-antonio\/grass-for-sale-in-von-ormy\/\" \/>\n<meta property=\"og:site_name\" content=\"The Grass Outlet\" \/>\n<meta property=\"article:publisher\" content=\"https:\/\/www.facebook.com\/pages\/The-Grass-Outlet\/269332396527430\" \/>\n<meta property=\"article:modified_time\" content=\"2023-12-10T19:44:25+00:00\" \/>\n<meta property=\"og:image\" content=\"https:\/\/thegrassoutlet.com\/wp-content\/uploads\/tx-the-grass-outlet.jpg\" \/>\n\t<meta property=\"og:image:width\" content=\"1000\" \/>\n\t<meta property=\"og:image:height\" content=\"787\" \/>\n\t<meta property=\"og:image:type\" content=\"image\/jpeg\" \/>\n<meta name=\"twitter:label1\" content=\"Est. reading time\" \/>\n\t<meta name=\"twitter:data1\" content=\"1 minute\" \/>\n<script type=\"application\/ld+json\" class=\"yoast-schema-graph\">{\"@context\":\"https:\/\/schema.org\",\"@graph\":[{\"@type\":\"WebPage\",\"@id\":\"https:\/\/thegrassoutlet.com\/san-antonio-pickup-location\/grass-for-sale-in-von-ormy\/\",\"url\":\"https:\/\/thegrassoutlet.com\/san-antonio-pickup-location\/grass-for-sale-in-von-ormy\/\",\"name\":\"Grass for Sale in Von Ormy - The Grass Outlet\",\"isPartOf\":{\"@id\":\"https:\/\/thegrassoutlet.com\/#website\"},\"primaryImageOfPage\":{\"@id\":\"https:\/\/thegrassoutlet.com\/san-antonio-pickup-location\/grass-for-sale-in-von-ormy\/#primaryimage\"},\"image\":{\"@id\":\"https:\/\/thegrassoutlet.com\/san-antonio-pickup-location\/grass-for-sale-in-von-ormy\/#primaryimage\"},\"thumbnailUrl\":\"https:\/\/thegrassoutlet.com\/wp-content\/uploads\/tx-the-grass-outlet.jpg\",\"datePublished\":\"2014-03-28T16:45:18+00:00\",\"dateModified\":\"2023-12-10T19:44:25+00:00\",\"description\":\"Grass for Sale in Von Ormy The Grass Outlet is the premier provider of sod grass in the state of Texas. Property owners in Texas can rely on us for grass when it's time to improve the landscaping of yards or lawns.\",\"breadcrumb\":{\"@id\":\"https:\/\/thegrassoutlet.com\/san-antonio-pickup-location\/grass-for-sale-in-von-ormy\/#breadcrumb\"},\"inLanguage\":\"es-MX\",\"potentialAction\":[{\"@type\":\"ReadAction\",\"target\":[\"https:\/\/thegrassoutlet.com\/san-antonio-pickup-location\/grass-for-sale-in-von-ormy\/\"]}]},{\"@type\":\"ImageObject\",\"inLanguage\":\"es-MX\",\"@id\":\"https:\/\/thegrassoutlet.com\/san-antonio-pickup-location\/grass-for-sale-in-von-ormy\/#primaryimage\",\"url\":\"https:\/\/thegrassoutlet.com\/wp-content\/uploads\/tx-the-grass-outlet.jpg\",\"contentUrl\":\"https:\/\/thegrassoutlet.com\/wp-content\/uploads\/tx-the-grass-outlet.jpg\",\"width\":1000,\"height\":787},{\"@type\":\"BreadcrumbList\",\"@id\":\"https:\/\/thegrassoutlet.com\/san-antonio-pickup-location\/grass-for-sale-in-von-ormy\/#breadcrumb\",\"itemListElement\":[{\"@type\":\"ListItem\",\"position\":1,\"name\":\"Home\",\"item\":\"https:\/\/thegrassoutlet.com\/\"},{\"@type\":\"ListItem\",\"position\":2,\"name\":\"Sod Grass For Sale in San Antonio, TX\",\"item\":\"https:\/\/thegrassoutlet.com\/san-antonio-pickup-location\/\"},{\"@type\":\"ListItem\",\"position\":3,\"name\":\"Grass for Sale in Von Ormy\"}]},{\"@type\":\"WebSite\",\"@id\":\"https:\/\/thegrassoutlet.com\/#website\",\"url\":\"https:\/\/thegrassoutlet.com\/\",\"name\":\"The Grass Outlet\",\"description\":\"&quot;Helping Texas Go Green, One Yard at a Time&quot;\",\"publisher\":{\"@id\":\"https:\/\/thegrassoutlet.com\/#organization\"},\"potentialAction\":[{\"@type\":\"SearchAction\",\"target\":{\"@type\":\"EntryPoint\",\"urlTemplate\":\"https:\/\/thegrassoutlet.com\/?s={search_term_string}\"},\"query-input\":{\"@type\":\"PropertyValueSpecification\",\"valueRequired\":true,\"valueName\":\"search_term_string\"}}],\"inLanguage\":\"es-MX\"},{\"@type\":\"Organization\",\"@id\":\"https:\/\/thegrassoutlet.com\/#organization\",\"name\":\"The Grass Outlet\",\"url\":\"https:\/\/thegrassoutlet.com\/\",\"logo\":{\"@type\":\"ImageObject\",\"inLanguage\":\"es-MX\",\"@id\":\"https:\/\/thegrassoutlet.com\/#\/schema\/logo\/image\/\",\"url\":\"https:\/\/thegrassoutlet.com\/wp-content\/uploads\/TxNative-1-scaled.jpg\",\"contentUrl\":\"https:\/\/thegrassoutlet.com\/wp-content\/uploads\/TxNative-1-scaled.jpg\",\"width\":1024,\"height\":720,\"caption\":\"The Grass Outlet\"},\"image\":{\"@id\":\"https:\/\/thegrassoutlet.com\/#\/schema\/logo\/image\/\"},\"sameAs\":[\"https:\/\/www.facebook.com\/pages\/The-Grass-Outlet\/269332396527430\",\"https:\/\/x.com\/TheGrassOutlet\"]}]}<\/script>\n<!-- \/ Yoast SEO plugin. -->","yoast_head_json":{"title":"Grass for Sale in Von Ormy - The Grass Outlet","description":"Grass for Sale in Von Ormy The Grass Outlet is the premier provider of sod grass in the state of Texas. Property owners in Texas can rely on us for grass when it's time to improve the landscaping of yards or lawns.","robots":{"index":"index","follow":"follow","max-snippet":"max-snippet:-1","max-image-preview":"max-image-preview:large","max-video-preview":"max-video-preview:-1"},"canonical":"https:\/\/thegrassoutlet.com\/es\/lugar-de-recogida-en-san-antonio\/grass-for-sale-in-von-ormy\/","og_locale":"es_MX","og_type":"article","og_title":"Grass for Sale in Von Ormy - The Grass Outlet","og_description":"Grass for Sale in Von Ormy The Grass Outlet is the premier provider of sod grass in the state of Texas. Property owners in Texas can rely on us for grass when it's time to improve the landscaping of yards or lawns.","og_url":"https:\/\/thegrassoutlet.com\/es\/lugar-de-recogida-en-san-antonio\/grass-for-sale-in-von-ormy\/","og_site_name":"The Grass Outlet","article_publisher":"https:\/\/www.facebook.com\/pages\/The-Grass-Outlet\/269332396527430","article_modified_time":"2023-12-10T19:44:25+00:00","og_image":[{"width":1000,"height":787,"url":"https:\/\/thegrassoutlet.com\/wp-content\/uploads\/tx-the-grass-outlet.jpg","type":"image\/jpeg"}],"twitter_misc":{"Est. reading time":"1 minute"},"schema":{"@context":"https:\/\/schema.org","@graph":[{"@type":"WebPage","@id":"https:\/\/thegrassoutlet.com\/san-antonio-pickup-location\/grass-for-sale-in-von-ormy\/","url":"https:\/\/thegrassoutlet.com\/san-antonio-pickup-location\/grass-for-sale-in-von-ormy\/","name":"Grass for Sale in Von Ormy - The Grass Outlet","isPartOf":{"@id":"https:\/\/thegrassoutlet.com\/#website"},"primaryImageOfPage":{"@id":"https:\/\/thegrassoutlet.com\/san-antonio-pickup-location\/grass-for-sale-in-von-ormy\/#primaryimage"},"image":{"@id":"https:\/\/thegrassoutlet.com\/san-antonio-pickup-location\/grass-for-sale-in-von-ormy\/#primaryimage"},"thumbnailUrl":"https:\/\/thegrassoutlet.com\/wp-content\/uploads\/tx-the-grass-outlet.jpg","datePublished":"2014-03-28T16:45:18+00:00","dateModified":"2023-12-10T19:44:25+00:00","description":"Grass for Sale in Von Ormy The Grass Outlet is the premier provider of sod grass in the state of Texas. Property owners in Texas can rely on us for grass when it's time to improve the landscaping of yards or lawns.","breadcrumb":{"@id":"https:\/\/thegrassoutlet.com\/san-antonio-pickup-location\/grass-for-sale-in-von-ormy\/#breadcrumb"},"inLanguage":"es-MX","potentialAction":[{"@type":"ReadAction","target":["https:\/\/thegrassoutlet.com\/san-antonio-pickup-location\/grass-for-sale-in-von-ormy\/"]}]},{"@type":"ImageObject","inLanguage":"es-MX","@id":"https:\/\/thegrassoutlet.com\/san-antonio-pickup-location\/grass-for-sale-in-von-ormy\/#primaryimage","url":"https:\/\/thegrassoutlet.com\/wp-content\/uploads\/tx-the-grass-outlet.jpg","contentUrl":"https:\/\/thegrassoutlet.com\/wp-content\/uploads\/tx-the-grass-outlet.jpg","width":1000,"height":787},{"@type":"BreadcrumbList","@id":"https:\/\/thegrassoutlet.com\/san-antonio-pickup-location\/grass-for-sale-in-von-ormy\/#breadcrumb","itemListElement":[{"@type":"ListItem","position":1,"name":"Home","item":"https:\/\/thegrassoutlet.com\/"},{"@type":"ListItem","position":2,"name":"Sod Grass For Sale in San Antonio, TX","item":"https:\/\/thegrassoutlet.com\/san-antonio-pickup-location\/"},{"@type":"ListItem","position":3,"name":"Grass for Sale in Von Ormy"}]},{"@type":"WebSite","@id":"https:\/\/thegrassoutlet.com\/#website","url":"https:\/\/thegrassoutlet.com\/","name":"The Grass Outlet","description":"\"Ayudando a Tejas a ser m\u00e1s verde, un jard\u00edn a la vez\"","publisher":{"@id":"https:\/\/thegrassoutlet.com\/#organization"},"potentialAction":[{"@type":"SearchAction","target":{"@type":"EntryPoint","urlTemplate":"https:\/\/thegrassoutlet.com\/?s={search_term_string}"},"query-input":{"@type":"PropertyValueSpecification","valueRequired":true,"valueName":"search_term_string"}}],"inLanguage":"es-MX"},{"@type":"Organization","@id":"https:\/\/thegrassoutlet.com\/#organization","name":"The Grass Outlet","url":"https:\/\/thegrassoutlet.com\/","logo":{"@type":"ImageObject","inLanguage":"es-MX","@id":"https:\/\/thegrassoutlet.com\/#\/schema\/logo\/image\/","url":"https:\/\/thegrassoutlet.com\/wp-content\/uploads\/TxNative-1-scaled.jpg","contentUrl":"https:\/\/thegrassoutlet.com\/wp-content\/uploads\/TxNative-1-scaled.jpg","width":1024,"height":720,"caption":"The Grass Outlet"},"image":{"@id":"https:\/\/thegrassoutlet.com\/#\/schema\/logo\/image\/"},"sameAs":["https:\/\/www.facebook.com\/pages\/The-Grass-Outlet\/269332396527430","https:\/\/x.com\/TheGrassOutlet"]}]}},"_links":{"self":[{"href":"https:\/\/thegrassoutlet.com\/es\/wp-json\/wp\/v2\/pages\/3094","targetHints":{"allow":["GET"]}}],"collection":[{"href":"https:\/\/thegrassoutlet.com\/es\/wp-json\/wp\/v2\/pages"}],"about":[{"href":"https:\/\/thegrassoutlet.com\/es\/wp-json\/wp\/v2\/types\/page"}],"author":[{"embeddable":true,"href":"https:\/\/thegrassoutlet.com\/es\/wp-json\/wp\/v2\/users\/659"}],"replies":[{"embeddable":true,"href":"https:\/\/thegrassoutlet.com\/es\/wp-json\/wp\/v2\/comments?post=3094"}],"version-history":[{"count":9,"href":"https:\/\/thegrassoutlet.com\/es\/wp-json\/wp\/v2\/pages\/3094\/revisions"}],"predecessor-version":[{"id":302207,"href":"https:\/\/thegrassoutlet.com\/es\/wp-json\/wp\/v2\/pages\/3094\/revisions\/302207"}],"up":[{"embeddable":true,"href":"https:\/\/thegrassoutlet.com\/es\/wp-json\/wp\/v2\/pages\/1111"}],"wp:featuredmedia":[{"embeddable":true,"href":"https:\/\/thegrassoutlet.com\/es\/wp-json\/wp\/v2\/media\/2793"}],"wp:attachment":[{"href":"https:\/\/thegrassoutlet.com\/es\/wp-json\/wp\/v2\/media?parent=3094"}],"curies":[{"name":"wp","href":"https:\/\/api.w.org\/{rel}","templated":true}]}}