{"id":2948,"date":"2014-03-19T19:54:21","date_gmt":"2014-03-19T19:54:21","guid":{"rendered":"https:\/\/thegrassoutlet.com\/?page_id=2948"},"modified":"2023-12-10T06:06:27","modified_gmt":"2023-12-10T12:06:27","slug":"grass-for-sale-in-somerset","status":"publish","type":"page","link":"https:\/\/thegrassoutlet.com\/es\/lugar-de-recogida-en-san-antonio\/grass-for-sale-in-somerset\/","title":{"rendered":"Sod Grass For Sale in Somerset, TX"},"content":{"rendered":"<h2 dir=\"ltr\">Are you looking to buy grass in Somerset?<\/h2>\n<p>If you\u2019re living in Somerset, Texas and less than thrilled with your current lawn we encourage you to call the Grass Outlet today. The Grass Outlet is a provider of quality grass sod and turf in Texas. Although the Grass Outlet\u2019s farms are located on the rich soils of the coast, we deliver statewide. And because the business is family owned and operated, we don\u2019t trust anyone in delivering their product to you. That\u2019s why when you order with the Grass Outlet, we will be the ones showing up at your front door, in Somerset. Time and time again we\u2019ve been told that we just do grass right. We considered everything when designing our online ordering site for you. You\u2019ll appreciate how simple and direct the process is. If you\u2019re looking for a little more personalized guidance we encourage you to call and speak with one of our knowledgeable grass sod experts. They\u2019ll be happy to match you with a new lawn that\u2019s sure to please.<\/p>\n<h2>Los m\u00e1s vendidos para el \u00e1rea de San Antonio:<\/h2>\n<ul>\n<li><a href=\"https:\/\/thegrassoutlet.com\/es\/tienda\/cesped-tifway-419-bermuda\/\">Tifway 419 Bermuda<\/a><\/li>\n<li><a href=\"https:\/\/thegrassoutlet.com\/es\/tienda\/raleigh-san-agustin\/\">Raleigh San Agust\u00edn<\/a><\/li>\n<li>Floratam San Agust\u00edn<\/li>\n<li><a href=\"https:\/\/thegrassoutlet.com\/es\/tienda\/celebration-bermuda\/\">Celebration Bermuda<\/a><\/li>\n<li><a href=\"https:\/\/thegrassoutlet.com\/es\/tienda\/product-category\/zoysia\/\">Todas las Zoysias<\/a><\/li>\n<\/ul>\n<h2 dir=\"ltr\">Una tradici\u00f3n de excelencia en hierba<\/h2>\n<p dir=\"ltr\">The Grass Outlet quiere ofrecerle una experiencia de pedido que recuerde. Nuestro sitio le permite consultar la lista completa de nuestras variedades de c\u00e9sped y sus precios. As\u00ed estar\u00e1 a s\u00f3lo unos clics del c\u00e9sped con el que sue\u00f1a.<\/p>\n<h2 dir=\"ltr\">Pedidos en l\u00ednea<\/h2>\n<p dir=\"ltr\"><a href=\"https:\/\/thegrassoutlet.com\/es\/pongase-en-contacto-con\/\">P\u00f3ngase en contacto con nosotros en Grass Outlet hoy mismo <\/a><\/p>","protected":false},"excerpt":{"rendered":"<p>Are you looking to buy grass in Somerset? If you\u2019re living in Somerset, Texas and less than thrilled with your current lawn we encourage you to call the Grass Outlet today. The Grass Outlet is a provider of quality grass&hellip;<\/p>","protected":false},"author":659,"featured_media":2793,"parent":1111,"menu_order":0,"comment_status":"open","ping_status":"open","template":"page-local-landing.php","meta":{"_acf_changed":false,"inline_featured_image":false,"footnotes":""},"class_list":["post-2948","page","type-page","status-publish","has-post-thumbnail","hentry"],"acf":[],"yoast_head":"<!-- This site is optimized with the Yoast SEO plugin v26.0 - https:\/\/yoast.com\/wordpress\/plugins\/seo\/ -->\n<title>Sod Grass For Sale in Somerset, TX - The Grass Outlet<\/title>\n<meta name=\"description\" content=\"Enhance your lawn with sod grass for sale in Somerset TX. Choose St. Augustine, Bermuda, Zoysia for a lush, green lawn with easy delivery.\" \/>\n<meta name=\"robots\" content=\"index, follow, max-snippet:-1, max-image-preview:large, max-video-preview:-1\" \/>\n<link rel=\"canonical\" href=\"https:\/\/thegrassoutlet.com\/es\/lugar-de-recogida-en-san-antonio\/grass-for-sale-in-somerset\/\" \/>\n<meta property=\"og:locale\" content=\"es_MX\" \/>\n<meta property=\"og:type\" content=\"article\" \/>\n<meta property=\"og:title\" content=\"Sod Grass For Sale in Somerset, TX - The Grass Outlet\" \/>\n<meta property=\"og:description\" content=\"Enhance your lawn with sod grass for sale in Somerset TX. Choose St. Augustine, Bermuda, Zoysia for a lush, green lawn with easy delivery.\" \/>\n<meta property=\"og:url\" content=\"https:\/\/thegrassoutlet.com\/es\/lugar-de-recogida-en-san-antonio\/grass-for-sale-in-somerset\/\" \/>\n<meta property=\"og:site_name\" content=\"The Grass Outlet\" \/>\n<meta property=\"article:publisher\" content=\"https:\/\/www.facebook.com\/pages\/The-Grass-Outlet\/269332396527430\" \/>\n<meta property=\"article:modified_time\" content=\"2023-12-10T12:06:27+00:00\" \/>\n<meta property=\"og:image\" content=\"https:\/\/thegrassoutlet.com\/wp-content\/uploads\/tx-the-grass-outlet.jpg\" \/>\n\t<meta property=\"og:image:width\" content=\"1000\" \/>\n\t<meta property=\"og:image:height\" content=\"787\" \/>\n\t<meta property=\"og:image:type\" content=\"image\/jpeg\" \/>\n<meta name=\"twitter:label1\" content=\"Est. reading time\" \/>\n\t<meta name=\"twitter:data1\" content=\"1 minute\" \/>\n<script type=\"application\/ld+json\" class=\"yoast-schema-graph\">{\"@context\":\"https:\/\/schema.org\",\"@graph\":[{\"@type\":\"WebPage\",\"@id\":\"https:\/\/thegrassoutlet.com\/san-antonio-pickup-location\/grass-for-sale-in-somerset\/\",\"url\":\"https:\/\/thegrassoutlet.com\/san-antonio-pickup-location\/grass-for-sale-in-somerset\/\",\"name\":\"Sod Grass For Sale in Somerset, TX - The Grass Outlet\",\"isPartOf\":{\"@id\":\"https:\/\/thegrassoutlet.com\/#website\"},\"primaryImageOfPage\":{\"@id\":\"https:\/\/thegrassoutlet.com\/san-antonio-pickup-location\/grass-for-sale-in-somerset\/#primaryimage\"},\"image\":{\"@id\":\"https:\/\/thegrassoutlet.com\/san-antonio-pickup-location\/grass-for-sale-in-somerset\/#primaryimage\"},\"thumbnailUrl\":\"https:\/\/thegrassoutlet.com\/wp-content\/uploads\/tx-the-grass-outlet.jpg\",\"datePublished\":\"2014-03-19T19:54:21+00:00\",\"dateModified\":\"2023-12-10T12:06:27+00:00\",\"description\":\"Enhance your lawn with sod grass for sale in Somerset TX. Choose St. Augustine, Bermuda, Zoysia for a lush, green lawn with easy delivery.\",\"breadcrumb\":{\"@id\":\"https:\/\/thegrassoutlet.com\/san-antonio-pickup-location\/grass-for-sale-in-somerset\/#breadcrumb\"},\"inLanguage\":\"es-MX\",\"potentialAction\":[{\"@type\":\"ReadAction\",\"target\":[\"https:\/\/thegrassoutlet.com\/san-antonio-pickup-location\/grass-for-sale-in-somerset\/\"]}]},{\"@type\":\"ImageObject\",\"inLanguage\":\"es-MX\",\"@id\":\"https:\/\/thegrassoutlet.com\/san-antonio-pickup-location\/grass-for-sale-in-somerset\/#primaryimage\",\"url\":\"https:\/\/thegrassoutlet.com\/wp-content\/uploads\/tx-the-grass-outlet.jpg\",\"contentUrl\":\"https:\/\/thegrassoutlet.com\/wp-content\/uploads\/tx-the-grass-outlet.jpg\",\"width\":1000,\"height\":787},{\"@type\":\"BreadcrumbList\",\"@id\":\"https:\/\/thegrassoutlet.com\/san-antonio-pickup-location\/grass-for-sale-in-somerset\/#breadcrumb\",\"itemListElement\":[{\"@type\":\"ListItem\",\"position\":1,\"name\":\"Home\",\"item\":\"https:\/\/thegrassoutlet.com\/\"},{\"@type\":\"ListItem\",\"position\":2,\"name\":\"Sod Grass For Sale in San Antonio, TX\",\"item\":\"https:\/\/thegrassoutlet.com\/san-antonio-pickup-location\/\"},{\"@type\":\"ListItem\",\"position\":3,\"name\":\"Sod Grass For Sale in Somerset, TX\"}]},{\"@type\":\"WebSite\",\"@id\":\"https:\/\/thegrassoutlet.com\/#website\",\"url\":\"https:\/\/thegrassoutlet.com\/\",\"name\":\"The Grass Outlet\",\"description\":\"&quot;Helping Texas Go Green, One Yard at a Time&quot;\",\"publisher\":{\"@id\":\"https:\/\/thegrassoutlet.com\/#organization\"},\"potentialAction\":[{\"@type\":\"SearchAction\",\"target\":{\"@type\":\"EntryPoint\",\"urlTemplate\":\"https:\/\/thegrassoutlet.com\/?s={search_term_string}\"},\"query-input\":{\"@type\":\"PropertyValueSpecification\",\"valueRequired\":true,\"valueName\":\"search_term_string\"}}],\"inLanguage\":\"es-MX\"},{\"@type\":\"Organization\",\"@id\":\"https:\/\/thegrassoutlet.com\/#organization\",\"name\":\"The Grass Outlet\",\"url\":\"https:\/\/thegrassoutlet.com\/\",\"logo\":{\"@type\":\"ImageObject\",\"inLanguage\":\"es-MX\",\"@id\":\"https:\/\/thegrassoutlet.com\/#\/schema\/logo\/image\/\",\"url\":\"https:\/\/thegrassoutlet.com\/wp-content\/uploads\/TxNative-1-scaled.jpg\",\"contentUrl\":\"https:\/\/thegrassoutlet.com\/wp-content\/uploads\/TxNative-1-scaled.jpg\",\"width\":1024,\"height\":720,\"caption\":\"The Grass Outlet\"},\"image\":{\"@id\":\"https:\/\/thegrassoutlet.com\/#\/schema\/logo\/image\/\"},\"sameAs\":[\"https:\/\/www.facebook.com\/pages\/The-Grass-Outlet\/269332396527430\",\"https:\/\/x.com\/TheGrassOutlet\"]}]}<\/script>\n<!-- \/ Yoast SEO plugin. -->","yoast_head_json":{"title":"Sod Grass For Sale in Somerset, TX - The Grass Outlet","description":"Enhance your lawn with sod grass for sale in Somerset TX. Choose St. Augustine, Bermuda, Zoysia for a lush, green lawn with easy delivery.","robots":{"index":"index","follow":"follow","max-snippet":"max-snippet:-1","max-image-preview":"max-image-preview:large","max-video-preview":"max-video-preview:-1"},"canonical":"https:\/\/thegrassoutlet.com\/es\/lugar-de-recogida-en-san-antonio\/grass-for-sale-in-somerset\/","og_locale":"es_MX","og_type":"article","og_title":"Sod Grass For Sale in Somerset, TX - The Grass Outlet","og_description":"Enhance your lawn with sod grass for sale in Somerset TX. Choose St. Augustine, Bermuda, Zoysia for a lush, green lawn with easy delivery.","og_url":"https:\/\/thegrassoutlet.com\/es\/lugar-de-recogida-en-san-antonio\/grass-for-sale-in-somerset\/","og_site_name":"The Grass Outlet","article_publisher":"https:\/\/www.facebook.com\/pages\/The-Grass-Outlet\/269332396527430","article_modified_time":"2023-12-10T12:06:27+00:00","og_image":[{"width":1000,"height":787,"url":"https:\/\/thegrassoutlet.com\/wp-content\/uploads\/tx-the-grass-outlet.jpg","type":"image\/jpeg"}],"twitter_misc":{"Est. reading time":"1 minute"},"schema":{"@context":"https:\/\/schema.org","@graph":[{"@type":"WebPage","@id":"https:\/\/thegrassoutlet.com\/san-antonio-pickup-location\/grass-for-sale-in-somerset\/","url":"https:\/\/thegrassoutlet.com\/san-antonio-pickup-location\/grass-for-sale-in-somerset\/","name":"Sod Grass For Sale in Somerset, TX - The Grass Outlet","isPartOf":{"@id":"https:\/\/thegrassoutlet.com\/#website"},"primaryImageOfPage":{"@id":"https:\/\/thegrassoutlet.com\/san-antonio-pickup-location\/grass-for-sale-in-somerset\/#primaryimage"},"image":{"@id":"https:\/\/thegrassoutlet.com\/san-antonio-pickup-location\/grass-for-sale-in-somerset\/#primaryimage"},"thumbnailUrl":"https:\/\/thegrassoutlet.com\/wp-content\/uploads\/tx-the-grass-outlet.jpg","datePublished":"2014-03-19T19:54:21+00:00","dateModified":"2023-12-10T12:06:27+00:00","description":"Enhance your lawn with sod grass for sale in Somerset TX. Choose St. Augustine, Bermuda, Zoysia for a lush, green lawn with easy delivery.","breadcrumb":{"@id":"https:\/\/thegrassoutlet.com\/san-antonio-pickup-location\/grass-for-sale-in-somerset\/#breadcrumb"},"inLanguage":"es-MX","potentialAction":[{"@type":"ReadAction","target":["https:\/\/thegrassoutlet.com\/san-antonio-pickup-location\/grass-for-sale-in-somerset\/"]}]},{"@type":"ImageObject","inLanguage":"es-MX","@id":"https:\/\/thegrassoutlet.com\/san-antonio-pickup-location\/grass-for-sale-in-somerset\/#primaryimage","url":"https:\/\/thegrassoutlet.com\/wp-content\/uploads\/tx-the-grass-outlet.jpg","contentUrl":"https:\/\/thegrassoutlet.com\/wp-content\/uploads\/tx-the-grass-outlet.jpg","width":1000,"height":787},{"@type":"BreadcrumbList","@id":"https:\/\/thegrassoutlet.com\/san-antonio-pickup-location\/grass-for-sale-in-somerset\/#breadcrumb","itemListElement":[{"@type":"ListItem","position":1,"name":"Home","item":"https:\/\/thegrassoutlet.com\/"},{"@type":"ListItem","position":2,"name":"Sod Grass For Sale in San Antonio, TX","item":"https:\/\/thegrassoutlet.com\/san-antonio-pickup-location\/"},{"@type":"ListItem","position":3,"name":"Sod Grass For Sale in Somerset, TX"}]},{"@type":"WebSite","@id":"https:\/\/thegrassoutlet.com\/#website","url":"https:\/\/thegrassoutlet.com\/","name":"The Grass Outlet","description":"\"Ayudando a Tejas a ser m\u00e1s verde, un jard\u00edn a la vez\"","publisher":{"@id":"https:\/\/thegrassoutlet.com\/#organization"},"potentialAction":[{"@type":"SearchAction","target":{"@type":"EntryPoint","urlTemplate":"https:\/\/thegrassoutlet.com\/?s={search_term_string}"},"query-input":{"@type":"PropertyValueSpecification","valueRequired":true,"valueName":"search_term_string"}}],"inLanguage":"es-MX"},{"@type":"Organization","@id":"https:\/\/thegrassoutlet.com\/#organization","name":"The Grass Outlet","url":"https:\/\/thegrassoutlet.com\/","logo":{"@type":"ImageObject","inLanguage":"es-MX","@id":"https:\/\/thegrassoutlet.com\/#\/schema\/logo\/image\/","url":"https:\/\/thegrassoutlet.com\/wp-content\/uploads\/TxNative-1-scaled.jpg","contentUrl":"https:\/\/thegrassoutlet.com\/wp-content\/uploads\/TxNative-1-scaled.jpg","width":1024,"height":720,"caption":"The Grass Outlet"},"image":{"@id":"https:\/\/thegrassoutlet.com\/#\/schema\/logo\/image\/"},"sameAs":["https:\/\/www.facebook.com\/pages\/The-Grass-Outlet\/269332396527430","https:\/\/x.com\/TheGrassOutlet"]}]}},"_links":{"self":[{"href":"https:\/\/thegrassoutlet.com\/es\/wp-json\/wp\/v2\/pages\/2948","targetHints":{"allow":["GET"]}}],"collection":[{"href":"https:\/\/thegrassoutlet.com\/es\/wp-json\/wp\/v2\/pages"}],"about":[{"href":"https:\/\/thegrassoutlet.com\/es\/wp-json\/wp\/v2\/types\/page"}],"author":[{"embeddable":true,"href":"https:\/\/thegrassoutlet.com\/es\/wp-json\/wp\/v2\/users\/659"}],"replies":[{"embeddable":true,"href":"https:\/\/thegrassoutlet.com\/es\/wp-json\/wp\/v2\/comments?post=2948"}],"version-history":[{"count":5,"href":"https:\/\/thegrassoutlet.com\/es\/wp-json\/wp\/v2\/pages\/2948\/revisions"}],"predecessor-version":[{"id":302160,"href":"https:\/\/thegrassoutlet.com\/es\/wp-json\/wp\/v2\/pages\/2948\/revisions\/302160"}],"up":[{"embeddable":true,"href":"https:\/\/thegrassoutlet.com\/es\/wp-json\/wp\/v2\/pages\/1111"}],"wp:featuredmedia":[{"embeddable":true,"href":"https:\/\/thegrassoutlet.com\/es\/wp-json\/wp\/v2\/media\/2793"}],"wp:attachment":[{"href":"https:\/\/thegrassoutlet.com\/es\/wp-json\/wp\/v2\/media?parent=2948"}],"curies":[{"name":"wp","href":"https:\/\/api.w.org\/{rel}","templated":true}]}}