{"id":2945,"date":"2014-03-19T17:29:06","date_gmt":"2014-03-19T17:29:06","guid":{"rendered":"https:\/\/thegrassoutlet.com\/?page_id=2945"},"modified":"2023-12-08T12:10:04","modified_gmt":"2023-12-08T18:10:04","slug":"grass-for-sale-in-alamo-heights","status":"publish","type":"page","link":"https:\/\/thegrassoutlet.com\/es\/lugar-de-recogida-en-san-antonio\/grass-for-sale-in-alamo-heights\/","title":{"rendered":"Sod Grass For Sale in Alamo Heights, TX"},"content":{"rendered":"<h2 dir=\"ltr\">Are you looking to buy grass in Alamo Heights?<\/h2>\n<p>If you\u2019re living in the Alamo Heights area and on a search for a reputable grass provider, consider the Grass Outlet. The Grass Outlet grows its green grasses on the Texas coast where the soil is rich and the air is nurturing. Then it sends its top notch grass products all over Texas.<\/p>\n<p>So what\u2019s standing between you and the lawn of your dreams? Just our easy online ordering process. Our entire site is designed to make placing an order with us simple and easy for you. We have detailed descriptions of each of grass varieties online, along with several high definition photos. Looking for a little more personalized guidance? We welcome all your questions and concerns. Call and speak with one of our helpful grass experts about the conditions unique to your location, any expectations you may have for your lawn and any problems you may have had with your lawn in the past.<\/p>\n<h2>Best Sellers for the Alamo Heights:<\/h2>\n<ul>\n<li><a href=\"https:\/\/thegrassoutlet.com\/es\/tienda\/cesped-tifway-419-bermuda\/\">Tifway 419 Bermuda<\/a><\/li>\n<li><a href=\"https:\/\/thegrassoutlet.com\/es\/tienda\/raleigh-san-agustin\/\">Raleigh San Agust\u00edn<\/a><\/li>\n<li>Floratam San Agust\u00edn<\/li>\n<li><a href=\"https:\/\/thegrassoutlet.com\/es\/tienda\/celebration-bermuda\/\">Celebration Bermuda<\/a><\/li>\n<li><a href=\"https:\/\/thegrassoutlet.com\/es\/tienda\/product-category\/zoysia\/\">Todas las Zoysias<\/a><\/li>\n<\/ul>\n<h2 dir=\"ltr\">Una tradici\u00f3n de excelencia en hierba<\/h2>\n<p dir=\"ltr\">The Grass Outlet quiere ofrecerle una experiencia de pedido que recuerde. Nuestro sitio le permite navegar por la lista completa de nuestras variedades de c\u00e9sped y sus precios. As\u00ed estar\u00e1 a s\u00f3lo unos clics del c\u00e9sped con el que sue\u00f1a.<\/p>\n<h2 dir=\"ltr\">Pedidos en l\u00ednea<\/h2>\n<p dir=\"ltr\"><a href=\"https:\/\/thegrassoutlet.com\/es\/pongase-en-contacto-con\/\">P\u00f3ngase en contacto con nosotros en Grass Outlet hoy mismo <\/a><\/p>","protected":false},"excerpt":{"rendered":"<p>Are you looking to buy grass in Alamo Heights? If you\u2019re living in the Alamo Heights area and on a search for a reputable grass provider, consider the Grass Outlet. The Grass Outlet grows its green grasses on the Texas&hellip;<\/p>","protected":false},"author":659,"featured_media":2793,"parent":1111,"menu_order":0,"comment_status":"open","ping_status":"open","template":"page-local-landing.php","meta":{"_acf_changed":false,"inline_featured_image":false,"footnotes":""},"class_list":["post-2945","page","type-page","status-publish","has-post-thumbnail","hentry"],"acf":[],"yoast_head":"<!-- This site is optimized with the Yoast SEO plugin v26.0 - https:\/\/yoast.com\/wordpress\/plugins\/seo\/ -->\n<title>Sod Grass For Sale in Alamo Heights, TX - The Grass Outlet<\/title>\n<meta name=\"description\" content=\"Find premium sod grass for sale in Alamo Heights TX at The Grass Outlet. Order now and expect fast delivery. Get your dream lawn now!\" \/>\n<meta name=\"robots\" content=\"index, follow, max-snippet:-1, max-image-preview:large, max-video-preview:-1\" \/>\n<link rel=\"canonical\" href=\"https:\/\/thegrassoutlet.com\/es\/lugar-de-recogida-en-san-antonio\/grass-for-sale-in-alamo-heights\/\" \/>\n<meta property=\"og:locale\" content=\"es_MX\" \/>\n<meta property=\"og:type\" content=\"article\" \/>\n<meta property=\"og:title\" content=\"Sod Grass For Sale in Alamo Heights, TX - The Grass Outlet\" \/>\n<meta property=\"og:description\" content=\"Find premium sod grass for sale in Alamo Heights TX at The Grass Outlet. Order now and expect fast delivery. Get your dream lawn now!\" \/>\n<meta property=\"og:url\" content=\"https:\/\/thegrassoutlet.com\/es\/lugar-de-recogida-en-san-antonio\/grass-for-sale-in-alamo-heights\/\" \/>\n<meta property=\"og:site_name\" content=\"The Grass Outlet\" \/>\n<meta property=\"article:publisher\" content=\"https:\/\/www.facebook.com\/pages\/The-Grass-Outlet\/269332396527430\" \/>\n<meta property=\"article:modified_time\" content=\"2023-12-08T18:10:04+00:00\" \/>\n<meta property=\"og:image\" content=\"https:\/\/thegrassoutlet.com\/wp-content\/uploads\/tx-the-grass-outlet.jpg\" \/>\n\t<meta property=\"og:image:width\" content=\"1000\" \/>\n\t<meta property=\"og:image:height\" content=\"787\" \/>\n\t<meta property=\"og:image:type\" content=\"image\/jpeg\" \/>\n<meta name=\"twitter:label1\" content=\"Est. reading time\" \/>\n\t<meta name=\"twitter:data1\" content=\"1 minute\" \/>\n<script type=\"application\/ld+json\" class=\"yoast-schema-graph\">{\"@context\":\"https:\/\/schema.org\",\"@graph\":[{\"@type\":\"WebPage\",\"@id\":\"https:\/\/thegrassoutlet.com\/san-antonio-pickup-location\/grass-for-sale-in-alamo-heights\/\",\"url\":\"https:\/\/thegrassoutlet.com\/san-antonio-pickup-location\/grass-for-sale-in-alamo-heights\/\",\"name\":\"Sod Grass For Sale in Alamo Heights, TX - The Grass Outlet\",\"isPartOf\":{\"@id\":\"https:\/\/thegrassoutlet.com\/#website\"},\"primaryImageOfPage\":{\"@id\":\"https:\/\/thegrassoutlet.com\/san-antonio-pickup-location\/grass-for-sale-in-alamo-heights\/#primaryimage\"},\"image\":{\"@id\":\"https:\/\/thegrassoutlet.com\/san-antonio-pickup-location\/grass-for-sale-in-alamo-heights\/#primaryimage\"},\"thumbnailUrl\":\"https:\/\/thegrassoutlet.com\/wp-content\/uploads\/tx-the-grass-outlet.jpg\",\"datePublished\":\"2014-03-19T17:29:06+00:00\",\"dateModified\":\"2023-12-08T18:10:04+00:00\",\"description\":\"Find premium sod grass for sale in Alamo Heights TX at The Grass Outlet. Order now and expect fast delivery. Get your dream lawn now!\",\"breadcrumb\":{\"@id\":\"https:\/\/thegrassoutlet.com\/san-antonio-pickup-location\/grass-for-sale-in-alamo-heights\/#breadcrumb\"},\"inLanguage\":\"es-MX\",\"potentialAction\":[{\"@type\":\"ReadAction\",\"target\":[\"https:\/\/thegrassoutlet.com\/san-antonio-pickup-location\/grass-for-sale-in-alamo-heights\/\"]}]},{\"@type\":\"ImageObject\",\"inLanguage\":\"es-MX\",\"@id\":\"https:\/\/thegrassoutlet.com\/san-antonio-pickup-location\/grass-for-sale-in-alamo-heights\/#primaryimage\",\"url\":\"https:\/\/thegrassoutlet.com\/wp-content\/uploads\/tx-the-grass-outlet.jpg\",\"contentUrl\":\"https:\/\/thegrassoutlet.com\/wp-content\/uploads\/tx-the-grass-outlet.jpg\",\"width\":1000,\"height\":787},{\"@type\":\"BreadcrumbList\",\"@id\":\"https:\/\/thegrassoutlet.com\/san-antonio-pickup-location\/grass-for-sale-in-alamo-heights\/#breadcrumb\",\"itemListElement\":[{\"@type\":\"ListItem\",\"position\":1,\"name\":\"Home\",\"item\":\"https:\/\/thegrassoutlet.com\/\"},{\"@type\":\"ListItem\",\"position\":2,\"name\":\"Sod Grass For Sale in San Antonio, TX\",\"item\":\"https:\/\/thegrassoutlet.com\/san-antonio-pickup-location\/\"},{\"@type\":\"ListItem\",\"position\":3,\"name\":\"Sod Grass For Sale in Alamo Heights, TX\"}]},{\"@type\":\"WebSite\",\"@id\":\"https:\/\/thegrassoutlet.com\/#website\",\"url\":\"https:\/\/thegrassoutlet.com\/\",\"name\":\"The Grass Outlet\",\"description\":\"&quot;Helping Texas Go Green, One Yard at a Time&quot;\",\"publisher\":{\"@id\":\"https:\/\/thegrassoutlet.com\/#organization\"},\"potentialAction\":[{\"@type\":\"SearchAction\",\"target\":{\"@type\":\"EntryPoint\",\"urlTemplate\":\"https:\/\/thegrassoutlet.com\/?s={search_term_string}\"},\"query-input\":{\"@type\":\"PropertyValueSpecification\",\"valueRequired\":true,\"valueName\":\"search_term_string\"}}],\"inLanguage\":\"es-MX\"},{\"@type\":\"Organization\",\"@id\":\"https:\/\/thegrassoutlet.com\/#organization\",\"name\":\"The Grass Outlet\",\"url\":\"https:\/\/thegrassoutlet.com\/\",\"logo\":{\"@type\":\"ImageObject\",\"inLanguage\":\"es-MX\",\"@id\":\"https:\/\/thegrassoutlet.com\/#\/schema\/logo\/image\/\",\"url\":\"https:\/\/thegrassoutlet.com\/wp-content\/uploads\/TxNative-1-scaled.jpg\",\"contentUrl\":\"https:\/\/thegrassoutlet.com\/wp-content\/uploads\/TxNative-1-scaled.jpg\",\"width\":1024,\"height\":720,\"caption\":\"The Grass Outlet\"},\"image\":{\"@id\":\"https:\/\/thegrassoutlet.com\/#\/schema\/logo\/image\/\"},\"sameAs\":[\"https:\/\/www.facebook.com\/pages\/The-Grass-Outlet\/269332396527430\",\"https:\/\/x.com\/TheGrassOutlet\"]}]}<\/script>\n<!-- \/ Yoast SEO plugin. -->","yoast_head_json":{"title":"Sod Grass For Sale in Alamo Heights, TX - The Grass Outlet","description":"Find premium sod grass for sale in Alamo Heights TX at The Grass Outlet. Order now and expect fast delivery. Get your dream lawn now!","robots":{"index":"index","follow":"follow","max-snippet":"max-snippet:-1","max-image-preview":"max-image-preview:large","max-video-preview":"max-video-preview:-1"},"canonical":"https:\/\/thegrassoutlet.com\/es\/lugar-de-recogida-en-san-antonio\/grass-for-sale-in-alamo-heights\/","og_locale":"es_MX","og_type":"article","og_title":"Sod Grass For Sale in Alamo Heights, TX - The Grass Outlet","og_description":"Find premium sod grass for sale in Alamo Heights TX at The Grass Outlet. Order now and expect fast delivery. Get your dream lawn now!","og_url":"https:\/\/thegrassoutlet.com\/es\/lugar-de-recogida-en-san-antonio\/grass-for-sale-in-alamo-heights\/","og_site_name":"The Grass Outlet","article_publisher":"https:\/\/www.facebook.com\/pages\/The-Grass-Outlet\/269332396527430","article_modified_time":"2023-12-08T18:10:04+00:00","og_image":[{"width":1000,"height":787,"url":"https:\/\/thegrassoutlet.com\/wp-content\/uploads\/tx-the-grass-outlet.jpg","type":"image\/jpeg"}],"twitter_misc":{"Est. reading time":"1 minute"},"schema":{"@context":"https:\/\/schema.org","@graph":[{"@type":"WebPage","@id":"https:\/\/thegrassoutlet.com\/san-antonio-pickup-location\/grass-for-sale-in-alamo-heights\/","url":"https:\/\/thegrassoutlet.com\/san-antonio-pickup-location\/grass-for-sale-in-alamo-heights\/","name":"Sod Grass For Sale in Alamo Heights, TX - The Grass Outlet","isPartOf":{"@id":"https:\/\/thegrassoutlet.com\/#website"},"primaryImageOfPage":{"@id":"https:\/\/thegrassoutlet.com\/san-antonio-pickup-location\/grass-for-sale-in-alamo-heights\/#primaryimage"},"image":{"@id":"https:\/\/thegrassoutlet.com\/san-antonio-pickup-location\/grass-for-sale-in-alamo-heights\/#primaryimage"},"thumbnailUrl":"https:\/\/thegrassoutlet.com\/wp-content\/uploads\/tx-the-grass-outlet.jpg","datePublished":"2014-03-19T17:29:06+00:00","dateModified":"2023-12-08T18:10:04+00:00","description":"Find premium sod grass for sale in Alamo Heights TX at The Grass Outlet. Order now and expect fast delivery. Get your dream lawn now!","breadcrumb":{"@id":"https:\/\/thegrassoutlet.com\/san-antonio-pickup-location\/grass-for-sale-in-alamo-heights\/#breadcrumb"},"inLanguage":"es-MX","potentialAction":[{"@type":"ReadAction","target":["https:\/\/thegrassoutlet.com\/san-antonio-pickup-location\/grass-for-sale-in-alamo-heights\/"]}]},{"@type":"ImageObject","inLanguage":"es-MX","@id":"https:\/\/thegrassoutlet.com\/san-antonio-pickup-location\/grass-for-sale-in-alamo-heights\/#primaryimage","url":"https:\/\/thegrassoutlet.com\/wp-content\/uploads\/tx-the-grass-outlet.jpg","contentUrl":"https:\/\/thegrassoutlet.com\/wp-content\/uploads\/tx-the-grass-outlet.jpg","width":1000,"height":787},{"@type":"BreadcrumbList","@id":"https:\/\/thegrassoutlet.com\/san-antonio-pickup-location\/grass-for-sale-in-alamo-heights\/#breadcrumb","itemListElement":[{"@type":"ListItem","position":1,"name":"Home","item":"https:\/\/thegrassoutlet.com\/"},{"@type":"ListItem","position":2,"name":"Sod Grass For Sale in San Antonio, TX","item":"https:\/\/thegrassoutlet.com\/san-antonio-pickup-location\/"},{"@type":"ListItem","position":3,"name":"Sod Grass For Sale in Alamo Heights, TX"}]},{"@type":"WebSite","@id":"https:\/\/thegrassoutlet.com\/#website","url":"https:\/\/thegrassoutlet.com\/","name":"The Grass Outlet","description":"\"Ayudando a Tejas a ser m\u00e1s verde, un jard\u00edn a la vez\"","publisher":{"@id":"https:\/\/thegrassoutlet.com\/#organization"},"potentialAction":[{"@type":"SearchAction","target":{"@type":"EntryPoint","urlTemplate":"https:\/\/thegrassoutlet.com\/?s={search_term_string}"},"query-input":{"@type":"PropertyValueSpecification","valueRequired":true,"valueName":"search_term_string"}}],"inLanguage":"es-MX"},{"@type":"Organization","@id":"https:\/\/thegrassoutlet.com\/#organization","name":"The Grass Outlet","url":"https:\/\/thegrassoutlet.com\/","logo":{"@type":"ImageObject","inLanguage":"es-MX","@id":"https:\/\/thegrassoutlet.com\/#\/schema\/logo\/image\/","url":"https:\/\/thegrassoutlet.com\/wp-content\/uploads\/TxNative-1-scaled.jpg","contentUrl":"https:\/\/thegrassoutlet.com\/wp-content\/uploads\/TxNative-1-scaled.jpg","width":1024,"height":720,"caption":"The Grass Outlet"},"image":{"@id":"https:\/\/thegrassoutlet.com\/#\/schema\/logo\/image\/"},"sameAs":["https:\/\/www.facebook.com\/pages\/The-Grass-Outlet\/269332396527430","https:\/\/x.com\/TheGrassOutlet"]}]}},"_links":{"self":[{"href":"https:\/\/thegrassoutlet.com\/es\/wp-json\/wp\/v2\/pages\/2945","targetHints":{"allow":["GET"]}}],"collection":[{"href":"https:\/\/thegrassoutlet.com\/es\/wp-json\/wp\/v2\/pages"}],"about":[{"href":"https:\/\/thegrassoutlet.com\/es\/wp-json\/wp\/v2\/types\/page"}],"author":[{"embeddable":true,"href":"https:\/\/thegrassoutlet.com\/es\/wp-json\/wp\/v2\/users\/659"}],"replies":[{"embeddable":true,"href":"https:\/\/thegrassoutlet.com\/es\/wp-json\/wp\/v2\/comments?post=2945"}],"version-history":[{"count":5,"href":"https:\/\/thegrassoutlet.com\/es\/wp-json\/wp\/v2\/pages\/2945\/revisions"}],"predecessor-version":[{"id":301985,"href":"https:\/\/thegrassoutlet.com\/es\/wp-json\/wp\/v2\/pages\/2945\/revisions\/301985"}],"up":[{"embeddable":true,"href":"https:\/\/thegrassoutlet.com\/es\/wp-json\/wp\/v2\/pages\/1111"}],"wp:featuredmedia":[{"embeddable":true,"href":"https:\/\/thegrassoutlet.com\/es\/wp-json\/wp\/v2\/media\/2793"}],"wp:attachment":[{"href":"https:\/\/thegrassoutlet.com\/es\/wp-json\/wp\/v2\/media?parent=2945"}],"curies":[{"name":"wp","href":"https:\/\/api.w.org\/{rel}","templated":true}]}}