{"id":2944,"date":"2014-03-19T17:22:02","date_gmt":"2014-03-19T17:22:02","guid":{"rendered":"https:\/\/thegrassoutlet.com\/?page_id=2944"},"modified":"2023-12-09T03:53:04","modified_gmt":"2023-12-09T09:53:04","slug":"grass-for-sale-in-leon-village","status":"publish","type":"page","link":"https:\/\/thegrassoutlet.com\/es\/lugar-de-recogida-en-san-antonio\/grass-for-sale-in-leon-village\/","title":{"rendered":"Sod Grass For Sale in Leon Village, TX"},"content":{"rendered":"<h2 dir=\"ltr\">Are you looking to buy grass in Leon Village?<\/h2>\n<p>What lawn welcomes you home each day? Are you using words like yellow, crunchy and dead to describe it? The Grass Outlet, one of Texas\u2019 top sod grass providers, doesn\u2019t think a lawn should ever be anything but impressive. That\u2019s why they\u2019re dedicated to growing and selling top notch grass products all across Texas. The Grass Outlet\u2019s farms (where the magic happens) are located on the rich soils of the Texas coast. Here they grow over ten different grass varieties, each with its own unique benefits and characteristics. No matter what you\u2019re looking for in a lawn we\u2019re bound to have a grass type that can meet your expectations. We staff a team of highly knowledgeable grass experts who are eager and ready to help you choose a grass type and appropriate amount to meet your lawn makeover needs. We encourage you to call and speak with us about our easy online ordering process.<\/p>\n<h2>Los m\u00e1s vendidos para el \u00e1rea de San Antonio:<\/h2>\n<ul>\n<li><a href=\"https:\/\/thegrassoutlet.com\/es\/tienda\/cesped-tifway-419-bermuda\/\">Tifway 419 Bermuda<\/a><\/li>\n<li><a href=\"https:\/\/thegrassoutlet.com\/es\/tienda\/raleigh-san-agustin\/\">Raleigh San Agust\u00edn<\/a><\/li>\n<li>Floratam San Agust\u00edn<\/li>\n<li><a href=\"https:\/\/thegrassoutlet.com\/es\/tienda\/celebration-bermuda\/\">Celebration Bermuda<\/a><\/li>\n<li><a href=\"https:\/\/thegrassoutlet.com\/es\/tienda\/product-category\/zoysia\/\">Todas las Zoysias<\/a><\/li>\n<\/ul>\n<h2 dir=\"ltr\">Una tradici\u00f3n de excelencia en hierba<\/h2>\n<p dir=\"ltr\">The Grass Outlet quiere ofrecerle una experiencia de pedido que recuerde. Nuestro sitio le permite consultar la lista completa de nuestras variedades de c\u00e9sped y sus precios. As\u00ed estar\u00e1 a s\u00f3lo unos clics del c\u00e9sped con el que sue\u00f1a.<\/p>\n<h2 dir=\"ltr\">Pedidos en l\u00ednea<\/h2>\n<p dir=\"ltr\"><a href=\"https:\/\/thegrassoutlet.com\/es\/pongase-en-contacto-con\/\">P\u00f3ngase en contacto con nosotros en Grass Outlet hoy mismo <\/a><\/p>","protected":false},"excerpt":{"rendered":"<p>Are you looking to buy grass in Leon Village? What lawn welcomes you home each day? Are you using words like yellow, crunchy and dead to describe it? The Grass Outlet, one of Texas\u2019 top sod grass providers, doesn\u2019t think&hellip;<\/p>","protected":false},"author":659,"featured_media":2793,"parent":1111,"menu_order":0,"comment_status":"open","ping_status":"open","template":"page-local-landing.php","meta":{"_acf_changed":false,"inline_featured_image":false,"footnotes":""},"class_list":["post-2944","page","type-page","status-publish","has-post-thumbnail","hentry"],"acf":[],"yoast_head":"<!-- This site is optimized with the Yoast SEO plugin v26.0 - https:\/\/yoast.com\/wordpress\/plugins\/seo\/ -->\n<title>Sod Grass For Sale in Leon Village, TX - The Grass Outlet<\/title>\n<meta name=\"description\" content=\"Choose sod grass for sale in Leon Village TX. We deliver top-quality St. Augustine, Bermuda, and Zoysia right to your door.\" \/>\n<meta name=\"robots\" content=\"index, follow, max-snippet:-1, max-image-preview:large, max-video-preview:-1\" \/>\n<link rel=\"canonical\" href=\"https:\/\/thegrassoutlet.com\/es\/lugar-de-recogida-en-san-antonio\/grass-for-sale-in-leon-village\/\" \/>\n<meta property=\"og:locale\" content=\"es_MX\" \/>\n<meta property=\"og:type\" content=\"article\" \/>\n<meta property=\"og:title\" content=\"Sod Grass For Sale in Leon Village, TX - The Grass Outlet\" \/>\n<meta property=\"og:description\" content=\"Choose sod grass for sale in Leon Village TX. We deliver top-quality St. Augustine, Bermuda, and Zoysia right to your door.\" \/>\n<meta property=\"og:url\" content=\"https:\/\/thegrassoutlet.com\/es\/lugar-de-recogida-en-san-antonio\/grass-for-sale-in-leon-village\/\" \/>\n<meta property=\"og:site_name\" content=\"The Grass Outlet\" \/>\n<meta property=\"article:publisher\" content=\"https:\/\/www.facebook.com\/pages\/The-Grass-Outlet\/269332396527430\" \/>\n<meta property=\"article:modified_time\" content=\"2023-12-09T09:53:04+00:00\" \/>\n<meta property=\"og:image\" content=\"https:\/\/thegrassoutlet.com\/wp-content\/uploads\/tx-the-grass-outlet.jpg\" \/>\n\t<meta property=\"og:image:width\" content=\"1000\" \/>\n\t<meta property=\"og:image:height\" content=\"787\" \/>\n\t<meta property=\"og:image:type\" content=\"image\/jpeg\" \/>\n<meta name=\"twitter:label1\" content=\"Est. reading time\" \/>\n\t<meta name=\"twitter:data1\" content=\"1 minute\" \/>\n<script type=\"application\/ld+json\" class=\"yoast-schema-graph\">{\"@context\":\"https:\/\/schema.org\",\"@graph\":[{\"@type\":\"WebPage\",\"@id\":\"https:\/\/thegrassoutlet.com\/san-antonio-pickup-location\/grass-for-sale-in-leon-village\/\",\"url\":\"https:\/\/thegrassoutlet.com\/san-antonio-pickup-location\/grass-for-sale-in-leon-village\/\",\"name\":\"Sod Grass For Sale in Leon Village, TX - The Grass Outlet\",\"isPartOf\":{\"@id\":\"https:\/\/thegrassoutlet.com\/#website\"},\"primaryImageOfPage\":{\"@id\":\"https:\/\/thegrassoutlet.com\/san-antonio-pickup-location\/grass-for-sale-in-leon-village\/#primaryimage\"},\"image\":{\"@id\":\"https:\/\/thegrassoutlet.com\/san-antonio-pickup-location\/grass-for-sale-in-leon-village\/#primaryimage\"},\"thumbnailUrl\":\"https:\/\/thegrassoutlet.com\/wp-content\/uploads\/tx-the-grass-outlet.jpg\",\"datePublished\":\"2014-03-19T17:22:02+00:00\",\"dateModified\":\"2023-12-09T09:53:04+00:00\",\"description\":\"Choose sod grass for sale in Leon Village TX. We deliver top-quality St. Augustine, Bermuda, and Zoysia right to your door.\",\"breadcrumb\":{\"@id\":\"https:\/\/thegrassoutlet.com\/san-antonio-pickup-location\/grass-for-sale-in-leon-village\/#breadcrumb\"},\"inLanguage\":\"es-MX\",\"potentialAction\":[{\"@type\":\"ReadAction\",\"target\":[\"https:\/\/thegrassoutlet.com\/san-antonio-pickup-location\/grass-for-sale-in-leon-village\/\"]}]},{\"@type\":\"ImageObject\",\"inLanguage\":\"es-MX\",\"@id\":\"https:\/\/thegrassoutlet.com\/san-antonio-pickup-location\/grass-for-sale-in-leon-village\/#primaryimage\",\"url\":\"https:\/\/thegrassoutlet.com\/wp-content\/uploads\/tx-the-grass-outlet.jpg\",\"contentUrl\":\"https:\/\/thegrassoutlet.com\/wp-content\/uploads\/tx-the-grass-outlet.jpg\",\"width\":1000,\"height\":787},{\"@type\":\"BreadcrumbList\",\"@id\":\"https:\/\/thegrassoutlet.com\/san-antonio-pickup-location\/grass-for-sale-in-leon-village\/#breadcrumb\",\"itemListElement\":[{\"@type\":\"ListItem\",\"position\":1,\"name\":\"Home\",\"item\":\"https:\/\/thegrassoutlet.com\/\"},{\"@type\":\"ListItem\",\"position\":2,\"name\":\"Sod Grass For Sale in San Antonio, TX\",\"item\":\"https:\/\/thegrassoutlet.com\/san-antonio-pickup-location\/\"},{\"@type\":\"ListItem\",\"position\":3,\"name\":\"Sod Grass For Sale in Leon Village, TX\"}]},{\"@type\":\"WebSite\",\"@id\":\"https:\/\/thegrassoutlet.com\/#website\",\"url\":\"https:\/\/thegrassoutlet.com\/\",\"name\":\"The Grass Outlet\",\"description\":\"&quot;Helping Texas Go Green, One Yard at a Time&quot;\",\"publisher\":{\"@id\":\"https:\/\/thegrassoutlet.com\/#organization\"},\"potentialAction\":[{\"@type\":\"SearchAction\",\"target\":{\"@type\":\"EntryPoint\",\"urlTemplate\":\"https:\/\/thegrassoutlet.com\/?s={search_term_string}\"},\"query-input\":{\"@type\":\"PropertyValueSpecification\",\"valueRequired\":true,\"valueName\":\"search_term_string\"}}],\"inLanguage\":\"es-MX\"},{\"@type\":\"Organization\",\"@id\":\"https:\/\/thegrassoutlet.com\/#organization\",\"name\":\"The Grass Outlet\",\"url\":\"https:\/\/thegrassoutlet.com\/\",\"logo\":{\"@type\":\"ImageObject\",\"inLanguage\":\"es-MX\",\"@id\":\"https:\/\/thegrassoutlet.com\/#\/schema\/logo\/image\/\",\"url\":\"https:\/\/thegrassoutlet.com\/wp-content\/uploads\/TxNative-1-scaled.jpg\",\"contentUrl\":\"https:\/\/thegrassoutlet.com\/wp-content\/uploads\/TxNative-1-scaled.jpg\",\"width\":1024,\"height\":720,\"caption\":\"The Grass Outlet\"},\"image\":{\"@id\":\"https:\/\/thegrassoutlet.com\/#\/schema\/logo\/image\/\"},\"sameAs\":[\"https:\/\/www.facebook.com\/pages\/The-Grass-Outlet\/269332396527430\",\"https:\/\/x.com\/TheGrassOutlet\"]}]}<\/script>\n<!-- \/ Yoast SEO plugin. -->","yoast_head_json":{"title":"Sod Grass For Sale in Leon Village, TX - The Grass Outlet","description":"Choose sod grass for sale in Leon Village TX. We deliver top-quality St. Augustine, Bermuda, and Zoysia right to your door.","robots":{"index":"index","follow":"follow","max-snippet":"max-snippet:-1","max-image-preview":"max-image-preview:large","max-video-preview":"max-video-preview:-1"},"canonical":"https:\/\/thegrassoutlet.com\/es\/lugar-de-recogida-en-san-antonio\/grass-for-sale-in-leon-village\/","og_locale":"es_MX","og_type":"article","og_title":"Sod Grass For Sale in Leon Village, TX - The Grass Outlet","og_description":"Choose sod grass for sale in Leon Village TX. We deliver top-quality St. Augustine, Bermuda, and Zoysia right to your door.","og_url":"https:\/\/thegrassoutlet.com\/es\/lugar-de-recogida-en-san-antonio\/grass-for-sale-in-leon-village\/","og_site_name":"The Grass Outlet","article_publisher":"https:\/\/www.facebook.com\/pages\/The-Grass-Outlet\/269332396527430","article_modified_time":"2023-12-09T09:53:04+00:00","og_image":[{"width":1000,"height":787,"url":"https:\/\/thegrassoutlet.com\/wp-content\/uploads\/tx-the-grass-outlet.jpg","type":"image\/jpeg"}],"twitter_misc":{"Est. reading time":"1 minute"},"schema":{"@context":"https:\/\/schema.org","@graph":[{"@type":"WebPage","@id":"https:\/\/thegrassoutlet.com\/san-antonio-pickup-location\/grass-for-sale-in-leon-village\/","url":"https:\/\/thegrassoutlet.com\/san-antonio-pickup-location\/grass-for-sale-in-leon-village\/","name":"Sod Grass For Sale in Leon Village, TX - The Grass Outlet","isPartOf":{"@id":"https:\/\/thegrassoutlet.com\/#website"},"primaryImageOfPage":{"@id":"https:\/\/thegrassoutlet.com\/san-antonio-pickup-location\/grass-for-sale-in-leon-village\/#primaryimage"},"image":{"@id":"https:\/\/thegrassoutlet.com\/san-antonio-pickup-location\/grass-for-sale-in-leon-village\/#primaryimage"},"thumbnailUrl":"https:\/\/thegrassoutlet.com\/wp-content\/uploads\/tx-the-grass-outlet.jpg","datePublished":"2014-03-19T17:22:02+00:00","dateModified":"2023-12-09T09:53:04+00:00","description":"Choose sod grass for sale in Leon Village TX. We deliver top-quality St. Augustine, Bermuda, and Zoysia right to your door.","breadcrumb":{"@id":"https:\/\/thegrassoutlet.com\/san-antonio-pickup-location\/grass-for-sale-in-leon-village\/#breadcrumb"},"inLanguage":"es-MX","potentialAction":[{"@type":"ReadAction","target":["https:\/\/thegrassoutlet.com\/san-antonio-pickup-location\/grass-for-sale-in-leon-village\/"]}]},{"@type":"ImageObject","inLanguage":"es-MX","@id":"https:\/\/thegrassoutlet.com\/san-antonio-pickup-location\/grass-for-sale-in-leon-village\/#primaryimage","url":"https:\/\/thegrassoutlet.com\/wp-content\/uploads\/tx-the-grass-outlet.jpg","contentUrl":"https:\/\/thegrassoutlet.com\/wp-content\/uploads\/tx-the-grass-outlet.jpg","width":1000,"height":787},{"@type":"BreadcrumbList","@id":"https:\/\/thegrassoutlet.com\/san-antonio-pickup-location\/grass-for-sale-in-leon-village\/#breadcrumb","itemListElement":[{"@type":"ListItem","position":1,"name":"Home","item":"https:\/\/thegrassoutlet.com\/"},{"@type":"ListItem","position":2,"name":"Sod Grass For Sale in San Antonio, TX","item":"https:\/\/thegrassoutlet.com\/san-antonio-pickup-location\/"},{"@type":"ListItem","position":3,"name":"Sod Grass For Sale in Leon Village, TX"}]},{"@type":"WebSite","@id":"https:\/\/thegrassoutlet.com\/#website","url":"https:\/\/thegrassoutlet.com\/","name":"The Grass Outlet","description":"\"Ayudando a Tejas a ser m\u00e1s verde, un jard\u00edn a la vez\"","publisher":{"@id":"https:\/\/thegrassoutlet.com\/#organization"},"potentialAction":[{"@type":"SearchAction","target":{"@type":"EntryPoint","urlTemplate":"https:\/\/thegrassoutlet.com\/?s={search_term_string}"},"query-input":{"@type":"PropertyValueSpecification","valueRequired":true,"valueName":"search_term_string"}}],"inLanguage":"es-MX"},{"@type":"Organization","@id":"https:\/\/thegrassoutlet.com\/#organization","name":"The Grass Outlet","url":"https:\/\/thegrassoutlet.com\/","logo":{"@type":"ImageObject","inLanguage":"es-MX","@id":"https:\/\/thegrassoutlet.com\/#\/schema\/logo\/image\/","url":"https:\/\/thegrassoutlet.com\/wp-content\/uploads\/TxNative-1-scaled.jpg","contentUrl":"https:\/\/thegrassoutlet.com\/wp-content\/uploads\/TxNative-1-scaled.jpg","width":1024,"height":720,"caption":"The Grass Outlet"},"image":{"@id":"https:\/\/thegrassoutlet.com\/#\/schema\/logo\/image\/"},"sameAs":["https:\/\/www.facebook.com\/pages\/The-Grass-Outlet\/269332396527430","https:\/\/x.com\/TheGrassOutlet"]}]}},"_links":{"self":[{"href":"https:\/\/thegrassoutlet.com\/es\/wp-json\/wp\/v2\/pages\/2944","targetHints":{"allow":["GET"]}}],"collection":[{"href":"https:\/\/thegrassoutlet.com\/es\/wp-json\/wp\/v2\/pages"}],"about":[{"href":"https:\/\/thegrassoutlet.com\/es\/wp-json\/wp\/v2\/types\/page"}],"author":[{"embeddable":true,"href":"https:\/\/thegrassoutlet.com\/es\/wp-json\/wp\/v2\/users\/659"}],"replies":[{"embeddable":true,"href":"https:\/\/thegrassoutlet.com\/es\/wp-json\/wp\/v2\/comments?post=2944"}],"version-history":[{"count":5,"href":"https:\/\/thegrassoutlet.com\/es\/wp-json\/wp\/v2\/pages\/2944\/revisions"}],"predecessor-version":[{"id":302104,"href":"https:\/\/thegrassoutlet.com\/es\/wp-json\/wp\/v2\/pages\/2944\/revisions\/302104"}],"up":[{"embeddable":true,"href":"https:\/\/thegrassoutlet.com\/es\/wp-json\/wp\/v2\/pages\/1111"}],"wp:featuredmedia":[{"embeddable":true,"href":"https:\/\/thegrassoutlet.com\/es\/wp-json\/wp\/v2\/media\/2793"}],"wp:attachment":[{"href":"https:\/\/thegrassoutlet.com\/es\/wp-json\/wp\/v2\/media?parent=2944"}],"curies":[{"name":"wp","href":"https:\/\/api.w.org\/{rel}","templated":true}]}}