{"id":2907,"date":"2014-03-17T18:36:58","date_gmt":"2014-03-17T18:36:58","guid":{"rendered":"https:\/\/thegrassoutlet.com\/?page_id=2907"},"modified":"2023-12-08T15:48:00","modified_gmt":"2023-12-08T21:48:00","slug":"grass-for-sale-in-lago-vista","status":"publish","type":"page","link":"https:\/\/thegrassoutlet.com\/es\/pongase-en-contacto-con\/ubicacion-de-recogida-en-austin\/grass-for-sale-in-lago-vista\/","title":{"rendered":"Sod Grass For Sale in Lago Vista, TX"},"content":{"rendered":"<h2 dir=\"ltr\">Are you looking to buy grass in Lago Vista?<\/h2>\n<p>Are you living in Lago Vista and not looking forward to how your lawn is going to respond to those long, sunny, summer days? Fear the yellow, crunchy lawn no longer. Call the Grass Outlet and choose one of our grass varieties that are drought resistant, and easy to care for. The Grass Outlet is one of the top grass providers in Texas. We have farms located on the rich soils of the coast, but ship all across the state. You can enter your zip code on our site and we\u2019ll generate accurate and reasonable prices for Lago Vista. We\u2019re a family owned business who doesn\u2019t like to rely on any middlemen; that\u2019s why when you order from us we\u2019re the ones who show up at your front door with your new lawn. We have all the information you could need to make ordering a new lawn a simple process on our site. This includes detailed descriptions of our grass types, high definition pictures and personalized guidance from our grass experts. We\u2019re confident the Grass Outlet is what you\u2019re looking for in a sod grass provider.<\/p>\n<h2>Los m\u00e1s vendidos para el \u00e1rea de Austin:<\/h2>\n<ul>\n<li><a href=\"https:\/\/thegrassoutlet.com\/es\/tienda\/cesped-tifway-419-bermuda\/\">Tifway 419 Bermuda<\/a><\/li>\n<li><a href=\"https:\/\/thegrassoutlet.com\/es\/tienda\/raleigh-san-agustin\/\">Raleigh San Agust\u00edn<\/a><\/li>\n<li><a href=\"https:\/\/thegrassoutlet.com\/es\/tienda\/product-category\/zoysia\/\">Todas las Zoysias<\/a><\/li>\n<li><a href=\"https:\/\/thegrassoutlet.com\/es\/tienda\/palmetto-san-augustin\/\">Palmetto San Agust\u00edn<\/a><\/li>\n<\/ul>\n<h2 dir=\"ltr\">Una tradici\u00f3n de excelencia en hierba<\/h2>\n<p dir=\"ltr\">The Grass Outlet quiere ofrecerle una experiencia de pedido que recuerde. Nuestro sitio le permite consultar la lista completa de nuestras variedades de c\u00e9sped y sus precios. As\u00ed estar\u00e1 a s\u00f3lo unos clics del c\u00e9sped con el que sue\u00f1a.<\/p>\n<h2 dir=\"ltr\">Pedidos en l\u00ednea<\/h2>\n<p dir=\"ltr\"><a href=\"https:\/\/thegrassoutlet.com\/es\/pongase-en-contacto-con\/\">P\u00f3ngase en contacto con nosotros en Grass Outlet hoy mismo<\/a>. Utilice nuestro pr\u00e1ctico calculador de c\u00e9sped para calcular el precio del c\u00e9sped que necesitar\u00e1.<\/p>","protected":false},"excerpt":{"rendered":"<p>Are you looking to buy grass in Lago Vista? Are you living in Lago Vista and not looking forward to how your lawn is going to respond to those long, sunny, summer days? Fear the yellow, crunchy lawn no longer.&hellip;<\/p>","protected":false},"author":659,"featured_media":2913,"parent":1122,"menu_order":0,"comment_status":"open","ping_status":"open","template":"page-local-landing.php","meta":{"_acf_changed":false,"inline_featured_image":false,"footnotes":""},"class_list":["post-2907","page","type-page","status-publish","has-post-thumbnail","hentry"],"acf":[],"yoast_head":"<!-- This site is optimized with the Yoast SEO plugin v26.0 - https:\/\/yoast.com\/wordpress\/plugins\/seo\/ -->\n<title>Sod Grass For Sale in Lago Vista, TX - The Grass Outlet<\/title>\n<meta name=\"description\" content=\"Enhance your lawn with sod grass for sale in Lago Vista TX. Shop St. Augustine, Bermuda, Zoysia for durable, beautiful lawns.\" \/>\n<meta name=\"robots\" content=\"index, follow, max-snippet:-1, max-image-preview:large, max-video-preview:-1\" \/>\n<link rel=\"canonical\" href=\"https:\/\/thegrassoutlet.com\/es\/pongase-en-contacto-con\/ubicacion-de-recogida-en-austin\/grass-for-sale-in-lago-vista\/\" \/>\n<meta property=\"og:locale\" content=\"es_MX\" \/>\n<meta property=\"og:type\" content=\"article\" \/>\n<meta property=\"og:title\" content=\"Sod Grass For Sale in Lago Vista, TX - The Grass Outlet\" \/>\n<meta property=\"og:description\" content=\"Enhance your lawn with sod grass for sale in Lago Vista TX. Shop St. Augustine, Bermuda, Zoysia for durable, beautiful lawns.\" \/>\n<meta property=\"og:url\" content=\"https:\/\/thegrassoutlet.com\/es\/pongase-en-contacto-con\/ubicacion-de-recogida-en-austin\/grass-for-sale-in-lago-vista\/\" \/>\n<meta property=\"og:site_name\" content=\"The Grass Outlet\" \/>\n<meta property=\"article:publisher\" content=\"https:\/\/www.facebook.com\/pages\/The-Grass-Outlet\/269332396527430\" \/>\n<meta property=\"article:modified_time\" content=\"2023-12-08T21:48:00+00:00\" \/>\n<meta property=\"og:image\" content=\"https:\/\/thegrassoutlet.com\/wp-content\/uploads\/grass-outlet-lago-vista-tx.jpg\" \/>\n\t<meta property=\"og:image:width\" content=\"667\" \/>\n\t<meta property=\"og:image:height\" content=\"1000\" \/>\n\t<meta property=\"og:image:type\" content=\"image\/jpeg\" \/>\n<meta name=\"twitter:label1\" content=\"Est. reading time\" \/>\n\t<meta name=\"twitter:data1\" content=\"1 minute\" \/>\n<script type=\"application\/ld+json\" class=\"yoast-schema-graph\">{\"@context\":\"https:\/\/schema.org\",\"@graph\":[{\"@type\":\"WebPage\",\"@id\":\"https:\/\/thegrassoutlet.com\/contact\/austin-pickup-location\/grass-for-sale-in-lago-vista\/\",\"url\":\"https:\/\/thegrassoutlet.com\/contact\/austin-pickup-location\/grass-for-sale-in-lago-vista\/\",\"name\":\"Sod Grass For Sale in Lago Vista, TX - The Grass Outlet\",\"isPartOf\":{\"@id\":\"https:\/\/thegrassoutlet.com\/#website\"},\"primaryImageOfPage\":{\"@id\":\"https:\/\/thegrassoutlet.com\/contact\/austin-pickup-location\/grass-for-sale-in-lago-vista\/#primaryimage\"},\"image\":{\"@id\":\"https:\/\/thegrassoutlet.com\/contact\/austin-pickup-location\/grass-for-sale-in-lago-vista\/#primaryimage\"},\"thumbnailUrl\":\"https:\/\/thegrassoutlet.com\/wp-content\/uploads\/grass-outlet-lago-vista-tx.jpg\",\"datePublished\":\"2014-03-17T18:36:58+00:00\",\"dateModified\":\"2023-12-08T21:48:00+00:00\",\"description\":\"Enhance your lawn with sod grass for sale in Lago Vista TX. Shop St. Augustine, Bermuda, Zoysia for durable, beautiful lawns.\",\"breadcrumb\":{\"@id\":\"https:\/\/thegrassoutlet.com\/contact\/austin-pickup-location\/grass-for-sale-in-lago-vista\/#breadcrumb\"},\"inLanguage\":\"es-MX\",\"potentialAction\":[{\"@type\":\"ReadAction\",\"target\":[\"https:\/\/thegrassoutlet.com\/contact\/austin-pickup-location\/grass-for-sale-in-lago-vista\/\"]}]},{\"@type\":\"ImageObject\",\"inLanguage\":\"es-MX\",\"@id\":\"https:\/\/thegrassoutlet.com\/contact\/austin-pickup-location\/grass-for-sale-in-lago-vista\/#primaryimage\",\"url\":\"https:\/\/thegrassoutlet.com\/wp-content\/uploads\/grass-outlet-lago-vista-tx.jpg\",\"contentUrl\":\"https:\/\/thegrassoutlet.com\/wp-content\/uploads\/grass-outlet-lago-vista-tx.jpg\",\"width\":667,\"height\":1000},{\"@type\":\"BreadcrumbList\",\"@id\":\"https:\/\/thegrassoutlet.com\/contact\/austin-pickup-location\/grass-for-sale-in-lago-vista\/#breadcrumb\",\"itemListElement\":[{\"@type\":\"ListItem\",\"position\":1,\"name\":\"Home\",\"item\":\"https:\/\/thegrassoutlet.com\/\"},{\"@type\":\"ListItem\",\"position\":2,\"name\":\"Contact\",\"item\":\"https:\/\/thegrassoutlet.com\/contact\/\"},{\"@type\":\"ListItem\",\"position\":3,\"name\":\"Sod Grass For Sale in Lago Vista, TX\"}]},{\"@type\":\"WebSite\",\"@id\":\"https:\/\/thegrassoutlet.com\/#website\",\"url\":\"https:\/\/thegrassoutlet.com\/\",\"name\":\"The Grass Outlet\",\"description\":\"&quot;Helping Texas Go Green, One Yard at a Time&quot;\",\"publisher\":{\"@id\":\"https:\/\/thegrassoutlet.com\/#organization\"},\"potentialAction\":[{\"@type\":\"SearchAction\",\"target\":{\"@type\":\"EntryPoint\",\"urlTemplate\":\"https:\/\/thegrassoutlet.com\/?s={search_term_string}\"},\"query-input\":{\"@type\":\"PropertyValueSpecification\",\"valueRequired\":true,\"valueName\":\"search_term_string\"}}],\"inLanguage\":\"es-MX\"},{\"@type\":\"Organization\",\"@id\":\"https:\/\/thegrassoutlet.com\/#organization\",\"name\":\"The Grass Outlet\",\"url\":\"https:\/\/thegrassoutlet.com\/\",\"logo\":{\"@type\":\"ImageObject\",\"inLanguage\":\"es-MX\",\"@id\":\"https:\/\/thegrassoutlet.com\/#\/schema\/logo\/image\/\",\"url\":\"https:\/\/thegrassoutlet.com\/wp-content\/uploads\/TxNative-1-scaled.jpg\",\"contentUrl\":\"https:\/\/thegrassoutlet.com\/wp-content\/uploads\/TxNative-1-scaled.jpg\",\"width\":1024,\"height\":720,\"caption\":\"The Grass Outlet\"},\"image\":{\"@id\":\"https:\/\/thegrassoutlet.com\/#\/schema\/logo\/image\/\"},\"sameAs\":[\"https:\/\/www.facebook.com\/pages\/The-Grass-Outlet\/269332396527430\",\"https:\/\/x.com\/TheGrassOutlet\"]}]}<\/script>\n<!-- \/ Yoast SEO plugin. -->","yoast_head_json":{"title":"Sod Grass For Sale in Lago Vista, TX - The Grass Outlet","description":"Enhance your lawn with sod grass for sale in Lago Vista TX. Shop St. Augustine, Bermuda, Zoysia for durable, beautiful lawns.","robots":{"index":"index","follow":"follow","max-snippet":"max-snippet:-1","max-image-preview":"max-image-preview:large","max-video-preview":"max-video-preview:-1"},"canonical":"https:\/\/thegrassoutlet.com\/es\/pongase-en-contacto-con\/ubicacion-de-recogida-en-austin\/grass-for-sale-in-lago-vista\/","og_locale":"es_MX","og_type":"article","og_title":"Sod Grass For Sale in Lago Vista, TX - The Grass Outlet","og_description":"Enhance your lawn with sod grass for sale in Lago Vista TX. Shop St. Augustine, Bermuda, Zoysia for durable, beautiful lawns.","og_url":"https:\/\/thegrassoutlet.com\/es\/pongase-en-contacto-con\/ubicacion-de-recogida-en-austin\/grass-for-sale-in-lago-vista\/","og_site_name":"The Grass Outlet","article_publisher":"https:\/\/www.facebook.com\/pages\/The-Grass-Outlet\/269332396527430","article_modified_time":"2023-12-08T21:48:00+00:00","og_image":[{"width":667,"height":1000,"url":"https:\/\/thegrassoutlet.com\/wp-content\/uploads\/grass-outlet-lago-vista-tx.jpg","type":"image\/jpeg"}],"twitter_misc":{"Est. reading time":"1 minute"},"schema":{"@context":"https:\/\/schema.org","@graph":[{"@type":"WebPage","@id":"https:\/\/thegrassoutlet.com\/contact\/austin-pickup-location\/grass-for-sale-in-lago-vista\/","url":"https:\/\/thegrassoutlet.com\/contact\/austin-pickup-location\/grass-for-sale-in-lago-vista\/","name":"Sod Grass For Sale in Lago Vista, TX - The Grass Outlet","isPartOf":{"@id":"https:\/\/thegrassoutlet.com\/#website"},"primaryImageOfPage":{"@id":"https:\/\/thegrassoutlet.com\/contact\/austin-pickup-location\/grass-for-sale-in-lago-vista\/#primaryimage"},"image":{"@id":"https:\/\/thegrassoutlet.com\/contact\/austin-pickup-location\/grass-for-sale-in-lago-vista\/#primaryimage"},"thumbnailUrl":"https:\/\/thegrassoutlet.com\/wp-content\/uploads\/grass-outlet-lago-vista-tx.jpg","datePublished":"2014-03-17T18:36:58+00:00","dateModified":"2023-12-08T21:48:00+00:00","description":"Enhance your lawn with sod grass for sale in Lago Vista TX. Shop St. Augustine, Bermuda, Zoysia for durable, beautiful lawns.","breadcrumb":{"@id":"https:\/\/thegrassoutlet.com\/contact\/austin-pickup-location\/grass-for-sale-in-lago-vista\/#breadcrumb"},"inLanguage":"es-MX","potentialAction":[{"@type":"ReadAction","target":["https:\/\/thegrassoutlet.com\/contact\/austin-pickup-location\/grass-for-sale-in-lago-vista\/"]}]},{"@type":"ImageObject","inLanguage":"es-MX","@id":"https:\/\/thegrassoutlet.com\/contact\/austin-pickup-location\/grass-for-sale-in-lago-vista\/#primaryimage","url":"https:\/\/thegrassoutlet.com\/wp-content\/uploads\/grass-outlet-lago-vista-tx.jpg","contentUrl":"https:\/\/thegrassoutlet.com\/wp-content\/uploads\/grass-outlet-lago-vista-tx.jpg","width":667,"height":1000},{"@type":"BreadcrumbList","@id":"https:\/\/thegrassoutlet.com\/contact\/austin-pickup-location\/grass-for-sale-in-lago-vista\/#breadcrumb","itemListElement":[{"@type":"ListItem","position":1,"name":"Home","item":"https:\/\/thegrassoutlet.com\/"},{"@type":"ListItem","position":2,"name":"Contact","item":"https:\/\/thegrassoutlet.com\/contact\/"},{"@type":"ListItem","position":3,"name":"Sod Grass For Sale in Lago Vista, TX"}]},{"@type":"WebSite","@id":"https:\/\/thegrassoutlet.com\/#website","url":"https:\/\/thegrassoutlet.com\/","name":"The Grass Outlet","description":"\"Ayudando a Tejas a ser m\u00e1s verde, un jard\u00edn a la vez\"","publisher":{"@id":"https:\/\/thegrassoutlet.com\/#organization"},"potentialAction":[{"@type":"SearchAction","target":{"@type":"EntryPoint","urlTemplate":"https:\/\/thegrassoutlet.com\/?s={search_term_string}"},"query-input":{"@type":"PropertyValueSpecification","valueRequired":true,"valueName":"search_term_string"}}],"inLanguage":"es-MX"},{"@type":"Organization","@id":"https:\/\/thegrassoutlet.com\/#organization","name":"The Grass Outlet","url":"https:\/\/thegrassoutlet.com\/","logo":{"@type":"ImageObject","inLanguage":"es-MX","@id":"https:\/\/thegrassoutlet.com\/#\/schema\/logo\/image\/","url":"https:\/\/thegrassoutlet.com\/wp-content\/uploads\/TxNative-1-scaled.jpg","contentUrl":"https:\/\/thegrassoutlet.com\/wp-content\/uploads\/TxNative-1-scaled.jpg","width":1024,"height":720,"caption":"The Grass Outlet"},"image":{"@id":"https:\/\/thegrassoutlet.com\/#\/schema\/logo\/image\/"},"sameAs":["https:\/\/www.facebook.com\/pages\/The-Grass-Outlet\/269332396527430","https:\/\/x.com\/TheGrassOutlet"]}]}},"_links":{"self":[{"href":"https:\/\/thegrassoutlet.com\/es\/wp-json\/wp\/v2\/pages\/2907","targetHints":{"allow":["GET"]}}],"collection":[{"href":"https:\/\/thegrassoutlet.com\/es\/wp-json\/wp\/v2\/pages"}],"about":[{"href":"https:\/\/thegrassoutlet.com\/es\/wp-json\/wp\/v2\/types\/page"}],"author":[{"embeddable":true,"href":"https:\/\/thegrassoutlet.com\/es\/wp-json\/wp\/v2\/users\/659"}],"replies":[{"embeddable":true,"href":"https:\/\/thegrassoutlet.com\/es\/wp-json\/wp\/v2\/comments?post=2907"}],"version-history":[{"count":5,"href":"https:\/\/thegrassoutlet.com\/es\/wp-json\/wp\/v2\/pages\/2907\/revisions"}],"predecessor-version":[{"id":302076,"href":"https:\/\/thegrassoutlet.com\/es\/wp-json\/wp\/v2\/pages\/2907\/revisions\/302076"}],"up":[{"embeddable":true,"href":"https:\/\/thegrassoutlet.com\/es\/wp-json\/wp\/v2\/pages\/1122"}],"wp:featuredmedia":[{"embeddable":true,"href":"https:\/\/thegrassoutlet.com\/es\/wp-json\/wp\/v2\/media\/2913"}],"wp:attachment":[{"href":"https:\/\/thegrassoutlet.com\/es\/wp-json\/wp\/v2\/media?parent=2907"}],"curies":[{"name":"wp","href":"https:\/\/api.w.org\/{rel}","templated":true}]}}